{"id":972,"date":"2025-04-11T17:33:35","date_gmt":"2025-04-11T17:33:35","guid":{"rendered":"https:\/\/residenciasolinatura.com\/?page_id=972"},"modified":"2025-10-08T13:48:32","modified_gmt":"2025-10-08T11:48:32","slug":"aviso-legal-y-politica-de-privacidad","status":"publish","type":"page","link":"https:\/\/residenciasolinatura.com\/ca\/aviso-legal-y-politica-de-privacidad\/","title":{"rendered":"Av\u00eds legal i pol\u00edtica de privacitat"},"content":{"rendered":"<div data-elementor-type=\"wp-page\" data-elementor-id=\"972\" class=\"elementor elementor-972\" data-elementor-post-type=\"page\">\n\t\t\t\t<div class=\"elementor-element elementor-element-1acae23 e-grid e-con-boxed e-con e-parent\" data-id=\"1acae23\" data-element_type=\"container\" data-settings=\"{&quot;background_background&quot;:&quot;classic&quot;}\">\n\t\t\t\t\t<div class=\"e-con-inner\">\n\t\t\t\t<div class=\"elementor-element elementor-element-31baed2 elementor-widget elementor-widget-spacer\" data-id=\"31baed2\" data-element_type=\"widget\" data-widget_type=\"spacer.default\">\n\t\t\t\t<div class=\"elementor-widget-container\">\n\t\t\t\t\t\t\t<div class=\"elementor-spacer\">\n\t\t\t<div class=\"elementor-spacer-inner\"><\/div>\n\t\t<\/div>\n\t\t\t\t\t\t<\/div>\n\t\t\t\t<\/div>\n\t\t\t\t<div class=\"elementor-element elementor-element-9016eee elementor-widget elementor-widget-heading\" data-id=\"9016eee\" data-element_type=\"widget\" data-widget_type=\"heading.default\">\n\t\t\t\t<div class=\"elementor-widget-container\">\n\t\t\t\t\t<h2 class=\"elementor-heading-title elementor-size-default\">Av\u00eds Legal<\/h2>\t\t\t\t<\/div>\n\t\t\t\t<\/div>\n\t\t\t\t\t<\/div>\n\t\t\t\t<\/div>\n\t\t<div class=\"elementor-element elementor-element-bb74d7f e-flex e-con-boxed e-con e-parent\" data-id=\"bb74d7f\" data-element_type=\"container\" data-settings=\"{&quot;background_background&quot;:&quot;classic&quot;}\">\n\t\t\t\t\t<div class=\"e-con-inner\">\n\t\t\t\t<div class=\"elementor-element elementor-element-9c5ac16 elementor-widget elementor-widget-text-editor\" data-id=\"9c5ac16\" data-element_type=\"widget\" data-widget_type=\"text-editor.default\">\n\t\t\t\t<div class=\"elementor-widget-container\">\n\t\t\t\t\t\t\t\t\t<p>En compliment de la Llei 34\/2002, amb la darrera actualitzaci\u00f3, 09\/05\/2023, de serveis de la societat de la informaci\u00f3 i de comer\u00e7 electr\u00f2nic, <b>RESIDENCIA D&#8217;AVIS SOL I NATURA SL,<\/b> l\u2019informa que \u00e9s titular del lloc web: <b>https:\/\/residenciasolinatura.com\/.\u00a0 <\/b>D\u2019acord amb l\u2019exig\u00e8ncia de l\u2019article 10 de l\u2019esmentada Llei, notifica les dades seg\u00fcents: CIF\/NIF, <b>B63287015, <\/b>Registre Mercantil de <b>BARCELONA, <\/b>Tom: <b>35889,<\/b> Foli: <b>94, S8, <\/b>Full: <b>B-269965 <\/b>i domicili Social: <b>CTRA. DE L&#8217;AMUNT, 8-10. 08757,<\/b> <b>CORBERA DE LLOBREGAT<\/b> <b>(BARCELONA)<\/b>. L\u2019adre\u00e7a de correu electr\u00f2nic de contacte amb l\u2019empresa \u00e9s: info@residenciasolinatura.com.<\/p><p><span style=\"text-decoration: underline;\"><b>1. USUARI I R\u00c8GIM DE RESPONSABILITATS<\/b><\/span><\/p><p>La navegaci\u00f3 per acc\u00e9s i \u00fas de la p\u00e0gina web i tots els subdominis i directoris inclosos sota la el mateix domini, aix\u00ed com els serveis o continguts que a trav\u00e9s d'ell es puguin obtenir i tots els portals de domini propi sota titularitat de <b>RESIDENCIA D&#8217;AVIS SOL I NATURA SL<\/b>, atorga la condici\u00f3 d' <b>Usuari<\/b>, per la que s'accepten, en navegar pel web de <b>RESIDENCIA D&#8217;AVIS SOL I NATURA SL<\/b>, totes les condicions d'\u00fas que s'estableixen aqu\u00ed sense perjudicar l'aplicaci\u00f3 de la corresponent normativa d'obligat compliment legal segons el cas.<\/p><p>Per aix\u00f2, si les consideracions detallades en aquest Av\u00eds Legal no s\u00f3n de la seva conformitat, preguem no faci \u00fas del Portal, ja que qualsevol \u00fas que faci del mateix o dels serveis i continguts en ell inclosos implicar\u00e0 l'acceptaci\u00f3 dels termes legals recollits en aquest text.<\/p><p>La p\u00e0gina web de <b>RESIDENCIA D&#8217;AVIS SOL I NATURA SL,<\/b> proporciona gran diversitat d\u2019informaci\u00f3, serveis i dades. L\u2019Usuari assumeix la seva responsabilitat en l\u2019\u00fas correcte dels llocs web. Aquesta responsabilitat s\u2019estendr\u00e0 a: La veracitat i licitud de les informacions aportades per l\u2019Usuari als formularis de registre i contacte de <b>RESIDENCIA D&#8217;AVIS SOL I NATURA SL,<\/b> per accedir a determinats continguts o serveis oferts per la web.<\/p><p>L\u2019\u00fas de la informaci\u00f3, serveis i dades oferts per, <b>RESIDENCIA D&#8217;AVIS SOL I NATURA SL <\/b>no aniran contra les disposicions d\u2019aquestes cl\u00e0usules, la Llei, la moral, els bons costums o l\u2019ordre p\u00fablic que puguin suposar lesi\u00f3 dels drets de tercers o del funcionament dels llocs web. A aquest efecte, l'Usuari s'abstindr\u00e0 d'utilitzar qualsevol dels continguts amb finalitats il\u00b7l\u00edcites i prohibides en aquest text, lesives amb els drets i interessos de tercers, o que de qualsevol forma puguin malmetre, inutilitzar, sobrecarregar, deteriorar o impedir la normal utilitzaci\u00f3 dels continguts per part d\u2019altres Usuaris o de qualsevol Usuari d'Internet (hardware y software).<\/p><p>Els Usuaris respondran dels danys i perjudicis de tota naturalesa que l'entitat propiet\u00e0ria de la web pugui patir, directament o indirectament, com a conseq\u00fc\u00e8ncia d'incompliment de qualsevol de les obligacions derivades de l'\u00fas de la Web i d'aquesta pol\u00edtica de privacitat.<\/p><p>En particular, i a t\u00edtol merament indicatiu i no exhaustiu, l'Usuari es compromet a no transmetre, difondre o posar a disposici\u00f3 de tercers informacions, dades, continguts, missatges, gr\u00e0fics, dibuixos, arxius de so i \/ o imatge, fotografies d\u2019aquest web.<\/p>\t\t\t\t\t\t\t\t<\/div>\n\t\t\t\t<\/div>\n\t\t\t\t<div class=\"elementor-element elementor-element-8c13872 elementor-widget elementor-widget-spacer\" data-id=\"8c13872\" data-element_type=\"widget\" data-widget_type=\"spacer.default\">\n\t\t\t\t<div class=\"elementor-widget-container\">\n\t\t\t\t\t\t\t<div class=\"elementor-spacer\">\n\t\t\t<div class=\"elementor-spacer-inner\"><\/div>\n\t\t<\/div>\n\t\t\t\t\t\t<\/div>\n\t\t\t\t<\/div>\n\t\t\t\t\t<\/div>\n\t\t\t\t<\/div>\n\t\t<div class=\"elementor-element elementor-element-b60711c e-grid e-con-boxed e-con e-parent\" data-id=\"b60711c\" data-element_type=\"container\" data-settings=\"{&quot;background_background&quot;:&quot;classic&quot;}\">\n\t\t\t\t\t<div class=\"e-con-inner\">\n\t\t\t\t<div class=\"elementor-element elementor-element-47cd71e elementor-widget elementor-widget-spacer\" data-id=\"47cd71e\" data-element_type=\"widget\" data-widget_type=\"spacer.default\">\n\t\t\t\t<div class=\"elementor-widget-container\">\n\t\t\t\t\t\t\t<div class=\"elementor-spacer\">\n\t\t\t<div class=\"elementor-spacer-inner\"><\/div>\n\t\t<\/div>\n\t\t\t\t\t\t<\/div>\n\t\t\t\t<\/div>\n\t\t\t\t<div class=\"elementor-element elementor-element-3d012be elementor-widget elementor-widget-heading\" data-id=\"3d012be\" data-element_type=\"widget\" data-widget_type=\"heading.default\">\n\t\t\t\t<div class=\"elementor-widget-container\">\n\t\t\t\t\t<h2 class=\"elementor-heading-title elementor-size-default\">Pol\u00edtica de Privacitat<\/h2>\t\t\t\t<\/div>\n\t\t\t\t<\/div>\n\t\t\t\t\t<\/div>\n\t\t\t\t<\/div>\n\t\t<div class=\"elementor-element elementor-element-5e94b50 e-flex e-con-boxed e-con e-parent\" data-id=\"5e94b50\" data-element_type=\"container\" data-settings=\"{&quot;background_background&quot;:&quot;classic&quot;}\">\n\t\t\t\t\t<div class=\"e-con-inner\">\n\t\t\t\t<div class=\"elementor-element elementor-element-5069c9b elementor-widget elementor-widget-text-editor\" data-id=\"5069c9b\" data-element_type=\"widget\" data-widget_type=\"text-editor.default\">\n\t\t\t\t<div class=\"elementor-widget-container\">\n\t\t\t\t\t\t\t\t\t<p><span style=\"text-decoration: underline;\"><b>1. POLITICA DE PRIVACIDAD<\/b><\/span><\/p><p>De conformitat amb el que estableix l\u2019RGPD-UE-2016\/679<b>, <\/b>l\u2019LOPD 3\/2018, de Garantia dels Drets Digitals; la Llei 34\/2002, amb la darrera actualitzaci\u00f3, 09\/05\/2023, de Serveis de la Societat de la Informaci\u00f3 i el Comer\u00e7 Electr\u00f2nic; i la Llei 11\/2022, General de Telecomunicacions, <b>RESIDENCIA D&#8217;AVIS SOL I NATURA SL<\/b> informa els usuaris dels seus llocs web que estem obligats a guardar secret professional sobre les dades personals que l\u2019entitat reculli mitjan\u00e7ant els formularis de registre o contacte de les seves p\u00e0gines. Aquesta obligaci\u00f3 es mantindr\u00e0 fins i tot despr\u00e9s d'haver finalitzat la nostra relaci\u00f3 comercial o contractual i en cap cas podrem fer p\u00fabliques les dades personals dels visitants i clients a la web sense el seu consentiment.\u00a0<\/p><p><span style=\"text-decoration: underline;\"><b>2. CONSENTIMENT DE L\u2019INTERESSAT<\/b><b>:<\/b>\u00a0<\/span><\/p><p>Per poder dur a terme el tractament de les seves dades personals amb privacitat i seguretat, ens cal disposar del seu consentiment, en compliment del que estableix l\u2019RGPD-UE-2016\/679, articles 5, 6, 7 i 13; l\u2019LOPDGDD-3\/2018, en el seu T\u00edtol II; i la Llei 1\/2019, de secrets Empresarials. El responsable del tractament de les dades ser\u00e0 <b>RESIDENCIA D&#8217;AVIS SOL I NATURA SL, <\/b>que tractar\u00e0 la informaci\u00f3 de manera l\u00edcita, lleial i transparent en relaci\u00f3 amb l\u2019interessat, amb finalitats  determinades, expl\u00edcites i leg\u00edtimes. Les dades i informaci\u00f3 seran tractades de tal manera que es garanteixi una seguretat adequada mitjan\u00e7ant l\u2019aplicaci\u00f3 de mesures t\u00e8cniques i organitzatives apropiades.\u00a0<\/p><p>Nom\u00e9s se cediran les dades de l\u2019interessat per obligaci\u00f3 legal, i t\u00e9 dret a presentar reclamaci\u00f3 davant l\u2019Autoritat de Control pertinent.\u00a0<\/p><p>En cas de violaci\u00f3 de la seguretat de les dades personals, art. 33 de l\u2019RGPD, el responsable del tractament la notificar\u00e0 a l\u2019autoritat de control competent, de conformitat amb all\u00f2 establert a l\u2019article 55, sense dilaci\u00f3 indeguda i, a ser possible, no m\u00e9s tard de 72 hores despr\u00e9s d\u2019haver-ne tingut const\u00e0ncia.<\/p><p>En contactar o registrar-se en aquest web, <b>https:\/\/residenciasolinatura.com\/<\/b>, vost\u00e8 cedeix les seves dades personals o jur\u00eddiques per a la gesti\u00f3 de les seves dades com a usuari. Mitjan\u00e7ant un <b>Check Box o Bot\u00f3<\/b>, al formulari de <b>Contacte, <\/b>accepta els termes i condicions del tractament de les seves dades personals.<\/p><p>L\u2019interessat tindr\u00e0 dret a retirar el seu consentiment en qualsevol moment. La retirada del consentiment no afectar\u00e0 a la licitud del tractament basada en el consentiment previ a la seva retirada.<\/p><p><b>Consentiment del menor<\/b><b>:<\/b> L\u2019article 6.f de l\u2019RGPD-UE-2016\/679 i l\u2019LOPD-3\/2018, de Garantia dels Drets Digitals, a l\u2019article 84 (protecci\u00f3 dels menors a internet), estableixen que els menors de 16 anys no poden donar el seu consentiment per a qu\u00e8 un comer\u00e7 online reculli les seves dades personals. Nom\u00e9s els seus representants legals (pares o tutors) podran fer-ho en nom del menor, llevat que aquest sigui major de 16 anys, moment en qu\u00e8 s\u00ed seria l\u00edcit el seu consentiment.<\/p><p>Aquestes dades seran introdu\u00efdes en un fitxer automatitzat sota la responsabilitat de l\u2019administrador del web de <b>RESIDENCIA D&#8217;AVIS SOL I NATURA SL<\/b> amb la finalitat de poder facilitar, agilitzar i complir els compromisos establerts entre ambdues parts.\u00a0<\/p><p>L\u2019enviament de les seves dades mitjan\u00e7ant el\/s formularis del nostre web estar\u00e0 supeditat obligat\u00f2riament a qu\u00e8 hagi llegit\/acceptat la Pol\u00edtica de Privacitat, mitjan\u00e7ant un check box obligatori al peu del formulari de registre o contacte.<\/p><p><span style=\"text-decoration: underline;\"><b>3. POL\u00cdTICA D\u2019ENLLA\u00c7OS I EXEMPCIONS DE RESPONSABILITAT<\/b><\/span><\/p><p><b>RESIDENCIA D&#8217;AVIS SOL I NATURA SL <\/b>no es fa responsable del contingut de les p\u00e0gines web a les quals pugui accedir l\u2019Usuari a trav\u00e9s dels enlla\u00e7os establerts als seus llocs web i declara que en cap cas examinar\u00e0 ni exercir\u00e0 cap tipus de control sobre el contingut d\u2019altres p\u00e0gines de la xarxa.<\/p><p>Aix\u00ed mateix, tampoc garanteix la disponibilitat t\u00e8cnica, exactitud, veracitat, validesa o legalitat de p\u00e0gines alienes a la seva propietat a les qual es pugui accedir a trav\u00e9s dels enlla\u00e7os d\u2019aquest web.<\/p><p><b>RESIDENCIA D&#8217;AVIS SOL I NATURA SL<\/b> declara que ha adoptat totes les mesures necess\u00e0ries per evitar qualsevol dany que pugui derivar-se de la navegaci\u00f3 per les seves p\u00e0gines web. En conseq\u00fc\u00e8ncia,<b> RESIDENCIA D&#8217;AVIS SOL I NATURA SL<\/b> no es fa responsable, en cap cas, dels eventuals danys que pugui patir l\u2019Usuari a causa de la navegaci\u00f3 per Internet.<\/p><p><b>RESIDENCIA D&#8217;AVIS SOL I NATURA SL<\/b> no es responsabilitza dels danys o perjudicis de qualsevol tipus produ\u00efts en l'Usuari que portin causa d'errors o desconnexions a les xarxes de telecomunicacions que produeixin la suspensi\u00f3, cancel\u00b7laci\u00f3 o interrupci\u00f3 del servei de la web durant la prestaci\u00f3 del mateix o amb car\u00e0cter previ.<\/p><p>L'acc\u00e9s al web <b>https:\/\/residenciasolinatura.com\/<\/b> no implica l'obligaci\u00f3 per part de l'entitat de controlar l'abs\u00e8ncia de virus o qualsevol altre element inform\u00e0tic malici\u00f3s. Correspon a l'Usuari, en qualsevol cas, la disponibilitat d'eines adequades per a la detecci\u00f3, desinfecci\u00f3 i protecci\u00f3 contra programes inform\u00e0tics nocius.<\/p><p><b>RESIDENCIA D&#8217;AVIS SOL I NATURA SL<\/b> no es responsabilitza dels danys produ\u00efts en els equips inform\u00e0tics, documents i\/o fitxers dels Usuaris o de tercers durant la prestaci\u00f3 del servei en aquest el portal web.<\/p><p><span style=\"text-decoration: underline;\"><b>4. PUBLICITAT<\/b><\/span><\/p><p>La web <b>https:\/\/residenciasolinatura.com\/<\/b> podr\u00e0 allotjar continguts publicitaris o patrocinats. Els anunciants o patrocinadors s\u00f3n els \u00fanics responsables d'assegurar que el material rem\u00e8s per a la seva inclusi\u00f3 a la Web compleix amb les lleis que en cada cas puguin ser d'aplicaci\u00f3.<\/p><p><b>RESIDENCIA D&#8217;AVIS SOL I NATURA SL<\/b> no ser\u00e0 responsable de qualsevol error, inexactitud o irregularitat que puguin contenir els continguts publicitaris o dels patrocinadors d\u2019aquesta p\u00e0gina web.<\/p><p><span style=\"text-decoration: underline;\"><b>5. ACC\u00c9S A RESSENYES D\u2019USUARIS<\/b><\/span><\/p><p>Pel Reial Decret Legislatiu-24\/2021, de 2 de novembre, que modifica el text ref\u00f3s de la Llei general per la defensa dels Consumidors i Usuaris, aprovat pel Reial Decret Legislatiu 1\/2007.<\/p><p>\u00a0Article 20.4, les practiques comercials en les quals un empresari web faciliti l\u2019acc\u00e9s a les ressenyes dels consumidors i usuaris sobre b\u00e9ns i serveis, hauran d\u2019incloure informaci\u00f3 sobre el fet de qu\u00e8 l\u2019empresari garanteixi o no que aquestes ressenyes publicades han estat efectuades per part de consumidors i usuaris que han utilitzat o adquirit realment el b\u00e9 o servei. A tals efectes, l\u2019empresari haur\u00e0 de facilitar informaci\u00f3 clara als consumidors i usuaris sobre la manera en qu\u00e8 es processen les ressenyes.<\/p><p>Els <b>USUARIOS<\/b>, tenen acc\u00e9s a escriure ressenyes de l\u2019activitat i servei d\u2019aquest web mitjan\u00e7ant un formulari expl\u00edcit per fer-ho, i amb l\u2019acceptaci\u00f3 d\u2019aquesta Pol\u00edtica de Privacitat accepten compartir les seves dades i imatge personal.<\/p><p>El contingut publicat, juntament amb el seu nom i foto de perfil, tamb\u00e9 pot apar\u00e8ixer a llocs web de tercers que utilitzin widgets inseribles de Google o l\u2019API de Google Maps Platform i altres.<\/p><p><b>Si no vols compartir la teva experi\u00e8ncia, imatges, v\u00eddeos ni la teva ubicaci\u00f3, no utilitzis aquest servei per a publicar-hi continguts.<\/b><\/p><p><span style=\"text-decoration: underline;\"><b>6. MODIFICACIONS<\/b><\/span><\/p><p><b>RESIDENCIA D&#8217;AVIS SOL I NATURA SL<\/b> es reserva el dret a realitzar les modificacions que consideri oportunes, sense av\u00eds previ, en el contingut dels seus llocs web, tant pel que fa als continguts com per les seves condicions d\u2019\u00fas o per les condicions generals de contractaci\u00f3. Aquestes modificacions podran realitzar-se, a trav\u00e9s dels seus llocs web, de qualsevol forma admissible en dret i seran d\u2019obligat compliment durant el temps que estiguin publicades al web i fins que no siguin modificades per d\u2019altres de posteriors.\u00a0<\/p><p><span style=\"text-decoration: underline;\"><b>7. PROPIETAT INTEL\u00b7LECTUAL<\/b><\/span><\/p><p>Els drets de propietat intel\u00b7lectual i industrial derivats de tots els textos, imatges, com tamb\u00e9 dels mitjans i formes de presentaci\u00f3 i muntatge de les seves p\u00e0gines pertanyen, per si mateixos o com a cession\u00e0ria a<b> RESIDENCIA D&#8217;AVIS SOL I NATURA SL.\u00a0<\/b><\/p><p>Seran, per tant, obres protegides com a propietat intel\u00b7lectual per l\u2019ordenament jur\u00eddic espanyol i se\u2019ls hi podr\u00e0 aplicar tant la normativa espanyola i comunit\u00e0ria en aquest \u00e0mbit, com els tractats internacionals relatius a la mat\u00e8ria i subscrits per Espanya: Reial Decreto Legislatiu 1\/1996, darrera actualitzaci\u00f3 30\/03\/2023.<\/p><p>Directiva-UE-2019\/790 del Parlament Europeu i del Consell, de 17 d\u2019abril de 2019, sobre els drets d\u2019autor i drets afins en el mercat \u00fanic digital.<\/p><p>Tots els drets reservats. En compliment de la Llei de la Propietat Intel\u00b7lectual es prohibeix expressament la reproducci\u00f3, distribuci\u00f3, comunicaci\u00f3 p\u00fablica i utilitzaci\u00f3 de la totalitat o part dels continguts de les seves p\u00e0gines web sense el consentiment expl\u00edcit de<b> RESIDENCIA D&#8217;AVIS SOL I NATURA SL.<\/b><\/p><p>Aix\u00ed mateix,<b> RESIDENCIA D&#8217;AVIS SOL I NATURA SL<\/b> es reserva la facultat de presentar les accions civils o penals que consideri oportunes per la utilitzaci\u00f3 indeguda de les seves p\u00e0gines web i continguts o per l\u2019incompliment d\u2019aquestes condicions.<\/p><p><span style=\"text-decoration: underline;\"><b>8. ACCIONS LEGAL, LEGISLACI\u00d3 APLICABLE I JURISDICCI\u00d3<\/b><\/span><\/p><p>La relaci\u00f3 entre l\u2019usuari i<b> RESIDENCIA D&#8217;AVIS SOL I NATURA SL<\/b> es regir\u00e0 per la normativa espanyola vigent. Seran competents per decidir sobre qualsevol controv\u00e8rsia que pugui sorgir entre l\u2019usuari i<b> RESIDENCIA D&#8217;AVIS SOL I NATURA SL, <\/b>els jutjats o tribunals del Partit Judicial de la localitat de<b> SANT FELIU DE LLOBREGAT.<\/b><\/p><p><span style=\"text-decoration: underline;\"><b>9. RESERVA DE COOKIES<\/b><\/span><\/p><p><b>RESIDENCIA D&#8217;AVIS SOL I NATURA SL <\/b>utilitza cookies i altres tecnologies similars que emmagatzemen i recuperen informaci\u00f3 mentre navegues. Aquestes tecnologies poden tenir diverses finalitats, com recon\u00e8ixer un usuari i obtenir informaci\u00f3 dels seus h\u00e0bits de navegaci\u00f3. Els usos concrets que en fem d\u2019aquestes tecnologies es descriuen a la informaci\u00f3 que recull la Pol\u00edtica de Cookies. Seguint la pol\u00edtica de protecci\u00f3 de dades de l\u2019entitat, <b>RESIDENCIA D&#8217;AVIS SOL I NATURA SL <\/b>informa que les cookies s\u2019associen a l\u2019usuari an\u00f2nim i al seu ordinador, i no proporcionen per s\u00ed mateixes dades personals de l\u2019usuari.<\/p><p>La informaci\u00f3 de la nostra \u2018Pol\u00edtica de Cookies\u2019 informa l\u2019usuari del temps que aquestes   cookies romandran actives al seu terminal i de la possibilitat de qu\u00e8 tercers puguin accedir a la informaci\u00f3 que aquestes emmagatzemen. Per aix\u00f2 es va modificar l\u2019article 5, apartat 3, de la Directiva 2002\/58 per la Directiva 2009\/136, i ara per la Guia de l\u2019AEPD.<\/p><p>La darrera Guia sobre l\u2019\u00fas de cookies de l\u2019AEPD, de juliol de 2023, que incorpora el criteri del Comit\u00e8 Europeu en Protecci\u00f3 de Dades (CEPD), recull que les accions d\u2019acceptar o rebutjar les cookies han d\u2019estar al mateix nivell, sense que cap opci\u00f3 sigui m\u00e9s complicada que l\u2019altra. En aquest sentit, l\u2019usuari ha de poder acceptar o rebutjar de forma expl\u00edcita l\u2019\u00fas de les cookies i rebre m\u00e9s informaci\u00f3 sobre les mateixes. Addicionalment, l\u2019Usuari t\u00e9 la possibilitat de configurar el seu navegador perqu\u00e8 l\u2019informi de la recepci\u00f3 de cookies, podent, si aix\u00ed ho vol, impedir-ne la instal\u00b7laci\u00f3 al seu disc dur.\u00a0<\/p><p><span style=\"text-decoration: underline;\"><b>10. EXERCICI DE DRETS:<\/b><\/span><\/p><p>Aquestes dades seran introdu\u00efdes en un fitxer automatitzat sota la responsabilitat de l\u2019administrador del web de <b>RESIDENCIA D&#8217;AVIS SOL I NATURA SL<\/b> amb la finalitat de poder facilitar, agilitzar i complir els compromisos establerts entre ambdues parts. Aix\u00ed mateix, <b>RESIDENCIA D&#8217;AVIS SOL I NATURA SL<\/b> informa de la possibilitat d\u2019exercir els drets d\u2019 <b>acces<\/b>, que permet a l'usuari web con\u00e8ixer quines dades personals t\u00e9 l'administrador d'aquesta p\u00e0gina i obtenir una resposta en un termini de 30 dies, sempre que en conservi les dades personals; <b>rectificaci\u00f3<\/b>, que permet corregir errors en les dades personals, modificar-ne les dades que siguin inexactes o incompletes i garantir la certesa de la informaci\u00f3; <b>oposici\u00f3<\/b> que podr\u00e0 sol\u00b7licitar i aconseguir que no es dugui a terme el tractament de dades; <b>supressi\u00f3<\/b> que permet que se suprimeixin les dades inadequades o excessives; <b>limitaci\u00f3, <\/b>pel qual pot sol\u00b7licitar que es limiti el tractament de les seves dades quan hagi exercit el seu dret a la rectificaci\u00f3 de les seves dades personals; i <b>portabilitat<\/b>perqu\u00e8 l'usuari pugui obtenir una c\u00f2pia de les dades personals que hagi facilitat a la web a fi de poder transmetre-les a altres serveis. Aquests drets es podran exercir per qualsevol mitj\u00e0 que deixi const\u00e0ncia del seu enviament i de la seva recepci\u00f3 a l\u2019adre\u00e7a de l\u2019administrador de la p\u00e0gina o al correu electr\u00f2nic info@residenciasolinatura.com<b>,<\/b>aportant fotoc\u00f2pia del DNI o documentaci\u00f3 alternativa que n\u2019acrediti la identitat. L\u2019interessat t\u00e9 el dret de presentar reclamacions davant l\u2019Autoritat de Control, AEPD, ACPD i AVPD.<\/p><p>Aquestes cl\u00e0usules han estat elaborades per <a href=\"http:\/\/www.grupoqualia.net\/es\/inicio\" target=\"_blank\" rel=\"noopener\"><b>GRUP QUALIA<\/b><\/a>, motiu pel qual se li atorga un certificat en format d\u2019imatge digital perqu\u00e8 el pugui exposar al seu lloc web.<\/p><p><b>Actualizada:<\/b><b> 28\/11\/2024.<\/b><\/p>\t\t\t\t\t\t\t\t<\/div>\n\t\t\t\t<\/div>\n\t\t\t\t<div class=\"elementor-element elementor-element-87fe632 elementor-widget elementor-widget-image\" data-id=\"87fe632\" data-element_type=\"widget\" data-widget_type=\"image.default\">\n\t\t\t\t<div class=\"elementor-widget-container\">\n\t\t\t\t\t\t\t\t\t\t\t\t\t\t\t<img decoding=\"async\" width=\"128\" height=\"128\" src=\"https:\/\/residenciasolinatura.com\/wp-content\/uploads\/2025\/04\/12-sello_lssi.png\" class=\"attachment-large size-large wp-image-1038\" alt=\"\" srcset=\"https:\/\/residenciasolinatura.com\/wp-content\/uploads\/2025\/04\/12-sello_lssi.png 128w, https:\/\/residenciasolinatura.com\/wp-content\/uploads\/2025\/04\/12-sello_lssi-12x12.png 12w\" sizes=\"(max-width: 128px) 100vw, 128px\">\t\t\t\t\t\t\t\t\t\t\t\t\t\t\t<\/div>\n\t\t\t\t<\/div>\n\t\t\t\t<div class=\"elementor-element elementor-element-4422bcb elementor-widget elementor-widget-spacer\" data-id=\"4422bcb\" data-element_type=\"widget\" data-widget_type=\"spacer.default\">\n\t\t\t\t<div class=\"elementor-widget-container\">\n\t\t\t\t\t\t\t<div class=\"elementor-spacer\">\n\t\t\t<div class=\"elementor-spacer-inner\"><\/div>\n\t\t<\/div>\n\t\t\t\t\t\t<\/div>\n\t\t\t\t<\/div>\n\t\t\t\t\t<\/div>\n\t\t\t\t<\/div>\n\t\t\t\t<\/div>","protected":false},"excerpt":{"rendered":"<p>Aviso Legal En cumplimiento de la Ley 34\/2002, con \u00faltima actualizaci\u00f3n, 09\/05\/2023, de servicios de la sociedad de la informaci\u00f3n y de comercio electr\u00f3nico, RESIDENCIA D&#8217;AVIS SOL I NATURA SL, le informa que es titular de los sitios web: https:\/\/residenciasolinatura.com\/.\u00a0 De acuerdo con la exigencia del art\u00edculo 10 de la mencionada Ley, notifica los siguientes [&hellip;]<\/p>","protected":false},"author":1,"featured_media":0,"parent":0,"menu_order":0,"comment_status":"closed","ping_status":"closed","template":"","meta":{"footnotes":""},"class_list":["post-972","page","type-page","status-publish","hentry"],"_links":{"self":[{"href":"https:\/\/residenciasolinatura.com\/ca\/wp-json\/wp\/v2\/pages\/972","targetHints":{"allow":["GET"]}}],"collection":[{"href":"https:\/\/residenciasolinatura.com\/ca\/wp-json\/wp\/v2\/pages"}],"about":[{"href":"https:\/\/residenciasolinatura.com\/ca\/wp-json\/wp\/v2\/types\/page"}],"author":[{"embeddable":true,"href":"https:\/\/residenciasolinatura.com\/ca\/wp-json\/wp\/v2\/users\/1"}],"replies":[{"embeddable":true,"href":"https:\/\/residenciasolinatura.com\/ca\/wp-json\/wp\/v2\/comments?post=972"}],"version-history":[{"count":22,"href":"https:\/\/residenciasolinatura.com\/ca\/wp-json\/wp\/v2\/pages\/972\/revisions"}],"predecessor-version":[{"id":1999,"href":"https:\/\/residenciasolinatura.com\/ca\/wp-json\/wp\/v2\/pages\/972\/revisions\/1999"}],"wp:attachment":[{"href":"https:\/\/residenciasolinatura.com\/ca\/wp-json\/wp\/v2\/media?parent=972"}],"curies":[{"name":"wp","href":"https:\/\/api.w.org\/{rel}","templated":true}]}}