{"id":661,"date":"2025-04-06T21:33:31","date_gmt":"2025-04-06T21:33:31","guid":{"rendered":"https:\/\/residenciasolinatura.com\/?page_id=661"},"modified":"2025-04-12T19:47:05","modified_gmt":"2025-04-12T19:47:05","slug":"blog","status":"publish","type":"page","link":"https:\/\/residenciasolinatura.com\/ca\/blog\/","title":{"rendered":"Blog"},"content":{"rendered":"<div data-elementor-type=\"wp-page\" data-elementor-id=\"661\" class=\"elementor elementor-661\" data-elementor-post-type=\"page\">\n\t\t\t\t<div class=\"elementor-element elementor-element-e677d0c e-flex e-con-boxed e-con e-parent\" data-id=\"e677d0c\" data-element_type=\"container\" data-e-type=\"container\" data-settings=\"{&quot;background_background&quot;:&quot;classic&quot;}\">\n\t\t\t\t\t<div class=\"e-con-inner\">\n\t\t\t\t<div class=\"elementor-element elementor-element-1c2ea34 elementor-widget elementor-widget-spacer\" data-id=\"1c2ea34\" data-element_type=\"widget\" data-e-type=\"widget\" data-widget_type=\"spacer.default\">\n\t\t\t\t<div class=\"elementor-widget-container\">\n\t\t\t\t\t\t\t<div class=\"elementor-spacer\">\n\t\t\t<div class=\"elementor-spacer-inner\"><\/div>\n\t\t<\/div>\n\t\t\t\t\t\t<\/div>\n\t\t\t\t<\/div>\n\t\t\t\t<div class=\"elementor-element elementor-element-205b9e7 elementor-widget elementor-widget-heading\" data-id=\"205b9e7\" data-element_type=\"widget\" data-e-type=\"widget\" data-widget_type=\"heading.default\">\n\t\t\t\t<div class=\"elementor-widget-container\">\n\t\t\t\t\t<h2 class=\"elementor-heading-title elementor-size-default\">Blog<\/h2>\t\t\t\t<\/div>\n\t\t\t\t<\/div>\n\t\t\t\t<div class=\"elementor-element elementor-element-c385201 elementor-widget elementor-widget-spacer\" data-id=\"c385201\" data-element_type=\"widget\" data-e-type=\"widget\" data-widget_type=\"spacer.default\">\n\t\t\t\t<div class=\"elementor-widget-container\">\n\t\t\t\t\t\t\t<div class=\"elementor-spacer\">\n\t\t\t<div class=\"elementor-spacer-inner\"><\/div>\n\t\t<\/div>\n\t\t\t\t\t\t<\/div>\n\t\t\t\t<\/div>\n\t\t\t\t<div class=\"elementor-element elementor-element-e7aac58 elementor-grid-3 elementor-grid-tablet-2 elementor-grid-mobile-1 elementor-posts--thumbnail-top elementor-card-shadow-yes elementor-posts__hover-gradient elementor-widget elementor-widget-posts\" data-id=\"e7aac58\" data-element_type=\"widget\" data-e-type=\"widget\" data-settings=\"{&quot;cards_columns&quot;:&quot;3&quot;,&quot;cards_columns_tablet&quot;:&quot;2&quot;,&quot;cards_columns_mobile&quot;:&quot;1&quot;,&quot;cards_row_gap&quot;:{&quot;unit&quot;:&quot;px&quot;,&quot;size&quot;:35,&quot;sizes&quot;:[]},&quot;cards_row_gap_tablet&quot;:{&quot;unit&quot;:&quot;px&quot;,&quot;size&quot;:&quot;&quot;,&quot;sizes&quot;:[]},&quot;cards_row_gap_mobile&quot;:{&quot;unit&quot;:&quot;px&quot;,&quot;size&quot;:&quot;&quot;,&quot;sizes&quot;:[]}}\" data-widget_type=\"posts.cards\">\n\t\t\t\t<div class=\"elementor-widget-container\">\n\t\t\t\t\t\t\t<div class=\"elementor-posts-container elementor-posts elementor-posts--skin-cards elementor-grid\" role=\"list\">\n\t\t\t\t<article class=\"elementor-post elementor-grid-item post-1486 post type-post status-publish format-standard has-post-thumbnail hentry category-uncategorized tag-organizacion\" role=\"listitem\">\n\t\t\t<div class=\"elementor-post__card\">\n\t\t\t\t<a class=\"elementor-post__thumbnail__link\" href=\"https:\/\/residenciasolinatura.com\/ca\/la-atencion-centrada-en-la-persona-y-el-modelo-de-unidades-de-convivencia-en-residencias-de-ancianos-hacia-una-atencion-mas-humana-y-personalizada\/\" tabindex=\"-1\"><div class=\"elementor-post__thumbnail\"><img fetchpriority=\"high\" decoding=\"async\" width=\"300\" height=\"181\" src=\"https:\/\/residenciasolinatura.com\/wp-content\/uploads\/2025\/05\/IMG_9657-300x181.jpg\" class=\"attachment-medium size-medium wp-image-1526\" alt=\"\" srcset=\"https:\/\/residenciasolinatura.com\/wp-content\/uploads\/2025\/05\/IMG_9657-300x181.jpg 300w, https:\/\/residenciasolinatura.com\/wp-content\/uploads\/2025\/05\/IMG_9657-1024x617.jpg 1024w, https:\/\/residenciasolinatura.com\/wp-content\/uploads\/2025\/05\/IMG_9657-768x463.jpg 768w, https:\/\/residenciasolinatura.com\/wp-content\/uploads\/2025\/05\/IMG_9657-18x12.jpg 18w, https:\/\/residenciasolinatura.com\/wp-content\/uploads\/2025\/05\/IMG_9657.jpg 1444w\" sizes=\"(max-width: 300px) 100vw, 300px\"><\/div><\/a>\n\t\t\t\t<div class=\"elementor-post__badge\">Organizaci\u00f3n<\/div>\n\t\t\t\t<div class=\"elementor-post__text\">\n\t\t\t\t<h3 class=\"elementor-post__title\">\n\t\t\t<a href=\"https:\/\/residenciasolinatura.com\/ca\/la-atencion-centrada-en-la-persona-y-el-modelo-de-unidades-de-convivencia-en-residencias-de-ancianos-hacia-una-atencion-mas-humana-y-personalizada\/\">\n\t\t\t\tL'atenci\u00f3 centrada en la persona i el model d'unitats de conviv\u00e8ncia en resid\u00e8ncies de gent gran: cap a una atenci\u00f3 m\u00e9s humana i personalitzada\t\t\t<\/a>\n\t\t<\/h3>\n\t\t\t\t<div class=\"elementor-post__excerpt\">\n\t\t\t<p>En los \u00faltimos a\u00f1os, el modelo de atenci\u00f3n en las residencias de ancianos ha experimentado una transformaci\u00f3n significativa, orient\u00e1ndose hacia<\/p>\n\t\t<\/div>\n\t\t\t\t<\/div>\n\t\t\t\t<div class=\"elementor-post__meta-data\">\n\t\t\t\t\t<span class=\"elementor-post-date\">\n\t\t\tmaig 19, 2025\t\t<\/span>\n\t\t\t\t<\/div>\n\t\t\t\t\t<\/div>\n\t\t<\/article>\n\t\t\t\t<article class=\"elementor-post elementor-grid-item post-1045 post type-post status-publish format-standard has-post-thumbnail hentry category-uncategorized tag-asesoramiento tag-salud\" role=\"listitem\">\n\t\t\t<div class=\"elementor-post__card\">\n\t\t\t\t<a class=\"elementor-post__thumbnail__link\" href=\"https:\/\/residenciasolinatura.com\/ca\/como-gestionar-los-sentimientos-de-culpa-al-ingresar-a-un-familiar-en-una-residencia-de-ancianos\/\" tabindex=\"-1\"><div class=\"elementor-post__thumbnail\"><img decoding=\"async\" width=\"300\" height=\"225\" src=\"https:\/\/residenciasolinatura.com\/wp-content\/uploads\/2025\/04\/importancia-visitar-familiares-residencia-ancianos-300x225.jpg\" class=\"attachment-medium size-medium wp-image-606\" alt=\"\" srcset=\"https:\/\/residenciasolinatura.com\/wp-content\/uploads\/2025\/04\/importancia-visitar-familiares-residencia-ancianos-300x225.jpg 300w, https:\/\/residenciasolinatura.com\/wp-content\/uploads\/2025\/04\/importancia-visitar-familiares-residencia-ancianos.jpg 650w\" sizes=\"(max-width: 300px) 100vw, 300px\"><\/div><\/a>\n\t\t\t\t<div class=\"elementor-post__badge\">Asesoramiento<\/div>\n\t\t\t\t<div class=\"elementor-post__text\">\n\t\t\t\t<h3 class=\"elementor-post__title\">\n\t\t\t<a href=\"https:\/\/residenciasolinatura.com\/ca\/como-gestionar-los-sentimientos-de-culpa-al-ingresar-a-un-familiar-en-una-residencia-de-ancianos\/\">\n\t\t\t\tCom gestionar els sentiments de culpa en ingressar un familiar en una resid\u00e8ncia de gent gran\t\t\t<\/a>\n\t\t<\/h3>\n\t\t\t\t<div class=\"elementor-post__excerpt\">\n\t\t\t<p>Las residencias de ancianos y centros de d\u00eda\u00a0est\u00e1n considerados como lugares donde\u00a0las personas mayores reciben los cuidados y la atenci\u00f3n<\/p>\n\t\t<\/div>\n\t\t\t\t<\/div>\n\t\t\t\t<div class=\"elementor-post__meta-data\">\n\t\t\t\t\t<span class=\"elementor-post-date\">\n\t\t\tabril 12, 2025\t\t<\/span>\n\t\t\t\t<\/div>\n\t\t\t\t\t<\/div>\n\t\t<\/article>\n\t\t\t\t<article class=\"elementor-post elementor-grid-item post-1085 post type-post status-publish format-standard has-post-thumbnail hentry category-uncategorized tag-salud\" role=\"listitem\">\n\t\t\t<div class=\"elementor-post__card\">\n\t\t\t\t<a class=\"elementor-post__thumbnail__link\" href=\"https:\/\/residenciasolinatura.com\/ca\/tabaco-y-tercera-edad\/\" tabindex=\"-1\"><div class=\"elementor-post__thumbnail\"><img decoding=\"async\" width=\"300\" height=\"200\" src=\"https:\/\/residenciasolinatura.com\/wp-content\/uploads\/2025\/04\/48jjmj-300x200.jpg\" class=\"attachment-medium size-medium wp-image-1090\" alt=\"\" srcset=\"https:\/\/residenciasolinatura.com\/wp-content\/uploads\/2025\/04\/48jjmj-300x200.jpg 300w, https:\/\/residenciasolinatura.com\/wp-content\/uploads\/2025\/04\/48jjmj-768x512.jpg 768w, https:\/\/residenciasolinatura.com\/wp-content\/uploads\/2025\/04\/48jjmj-18x12.jpg 18w, https:\/\/residenciasolinatura.com\/wp-content\/uploads\/2025\/04\/48jjmj.jpg 800w\" sizes=\"(max-width: 300px) 100vw, 300px\"><\/div><\/a>\n\t\t\t\t<div class=\"elementor-post__badge\">Salud<\/div>\n\t\t\t\t<div class=\"elementor-post__text\">\n\t\t\t\t<h3 class=\"elementor-post__title\">\n\t\t\t<a href=\"https:\/\/residenciasolinatura.com\/ca\/tabaco-y-tercera-edad\/\">\n\t\t\t\tTabac i tercera edat\t\t\t<\/a>\n\t\t<\/h3>\n\t\t\t\t<div class=\"elementor-post__excerpt\">\n\t\t\t<p>El tabaco supone un grave problema para la salud p\u00fablica. Su consumo provoca m\u00faltiples enfermedades cardiopulmonares como el c\u00e1ncer de<\/p>\n\t\t<\/div>\n\t\t\t\t<\/div>\n\t\t\t\t<div class=\"elementor-post__meta-data\">\n\t\t\t\t\t<span class=\"elementor-post-date\">\n\t\t\tabril 12, 2025\t\t<\/span>\n\t\t\t\t<\/div>\n\t\t\t\t\t<\/div>\n\t\t<\/article>\n\t\t\t\t<article class=\"elementor-post elementor-grid-item post-1079 post type-post status-publish format-standard has-post-thumbnail hentry category-uncategorized tag-salud\" role=\"listitem\">\n\t\t\t<div class=\"elementor-post__card\">\n\t\t\t\t<a class=\"elementor-post__thumbnail__link\" href=\"https:\/\/residenciasolinatura.com\/ca\/la-obesidad-en-las-personas-mayores\/\" tabindex=\"-1\"><div class=\"elementor-post__thumbnail\"><img loading=\"lazy\" decoding=\"async\" width=\"300\" height=\"135\" src=\"https:\/\/residenciasolinatura.com\/wp-content\/uploads\/2025\/04\/2099jdf-300x135.jpg\" class=\"attachment-medium size-medium wp-image-1081\" alt=\"\" srcset=\"https:\/\/residenciasolinatura.com\/wp-content\/uploads\/2025\/04\/2099jdf-300x135.jpg 300w, https:\/\/residenciasolinatura.com\/wp-content\/uploads\/2025\/04\/2099jdf-768x346.jpg 768w, https:\/\/residenciasolinatura.com\/wp-content\/uploads\/2025\/04\/2099jdf-18x8.jpg 18w, https:\/\/residenciasolinatura.com\/wp-content\/uploads\/2025\/04\/2099jdf.jpg 799w\" sizes=\"(max-width: 300px) 100vw, 300px\"><\/div><\/a>\n\t\t\t\t<div class=\"elementor-post__badge\">Salud<\/div>\n\t\t\t\t<div class=\"elementor-post__text\">\n\t\t\t\t<h3 class=\"elementor-post__title\">\n\t\t\t<a href=\"https:\/\/residenciasolinatura.com\/ca\/la-obesidad-en-las-personas-mayores\/\">\n\t\t\t\tL'obesitat en la gent gran\t\t\t<\/a>\n\t\t<\/h3>\n\t\t\t\t<div class=\"elementor-post__excerpt\">\n\t\t\t<p>La Organizacion Mundial de la Salud (OMS) considera actualmente a la obesidad como una epidemia global, presente en todos los<\/p>\n\t\t<\/div>\n\t\t\t\t<\/div>\n\t\t\t\t<div class=\"elementor-post__meta-data\">\n\t\t\t\t\t<span class=\"elementor-post-date\">\n\t\t\tabril 12, 2025\t\t<\/span>\n\t\t\t\t<\/div>\n\t\t\t\t\t<\/div>\n\t\t<\/article>\n\t\t\t\t<article class=\"elementor-post elementor-grid-item post-1070 post type-post status-publish format-standard has-post-thumbnail hentry category-uncategorized tag-salud\" role=\"listitem\">\n\t\t\t<div class=\"elementor-post__card\">\n\t\t\t\t<a class=\"elementor-post__thumbnail__link\" href=\"https:\/\/residenciasolinatura.com\/ca\/el-cuidado-de-los-pies-en-la-tercera-edad\/\" tabindex=\"-1\"><div class=\"elementor-post__thumbnail\"><img loading=\"lazy\" decoding=\"async\" width=\"300\" height=\"169\" src=\"https:\/\/residenciasolinatura.com\/wp-content\/uploads\/2025\/04\/1998kjn-300x169.jpg\" class=\"attachment-medium size-medium wp-image-1075\" alt=\"\" srcset=\"https:\/\/residenciasolinatura.com\/wp-content\/uploads\/2025\/04\/1998kjn-300x169.jpg 300w, https:\/\/residenciasolinatura.com\/wp-content\/uploads\/2025\/04\/1998kjn-768x432.jpg 768w, https:\/\/residenciasolinatura.com\/wp-content\/uploads\/2025\/04\/1998kjn-18x10.jpg 18w, https:\/\/residenciasolinatura.com\/wp-content\/uploads\/2025\/04\/1998kjn.jpg 800w\" sizes=\"(max-width: 300px) 100vw, 300px\"><\/div><\/a>\n\t\t\t\t<div class=\"elementor-post__badge\">Salud<\/div>\n\t\t\t\t<div class=\"elementor-post__text\">\n\t\t\t\t<h3 class=\"elementor-post__title\">\n\t\t\t<a href=\"https:\/\/residenciasolinatura.com\/ca\/el-cuidado-de-los-pies-en-la-tercera-edad\/\">\n\t\t\t\tLa cura dels peus a la tercera edat\t\t\t<\/a>\n\t\t<\/h3>\n\t\t\t\t<div class=\"elementor-post__excerpt\">\n\t\t\t<p>Es importante que usted trate bien a sus pies y los cuide. Ellos son parte de su aparato locomotor y<\/p>\n\t\t<\/div>\n\t\t\t\t<\/div>\n\t\t\t\t<div class=\"elementor-post__meta-data\">\n\t\t\t\t\t<span class=\"elementor-post-date\">\n\t\t\tabril 12, 2025\t\t<\/span>\n\t\t\t\t<\/div>\n\t\t\t\t\t<\/div>\n\t\t<\/article>\n\t\t\t\t<article class=\"elementor-post elementor-grid-item post-1061 post type-post status-publish format-standard has-post-thumbnail hentry category-uncategorized tag-salud\" role=\"listitem\">\n\t\t\t<div class=\"elementor-post__card\">\n\t\t\t\t<a class=\"elementor-post__thumbnail__link\" href=\"https:\/\/residenciasolinatura.com\/ca\/el-cuidado-de-los-dientes-en-las-personas-mayores\/\" tabindex=\"-1\"><div class=\"elementor-post__thumbnail\"><img loading=\"lazy\" decoding=\"async\" width=\"300\" height=\"169\" src=\"https:\/\/residenciasolinatura.com\/wp-content\/uploads\/2025\/04\/5jjkmm888-300x169.jpg\" class=\"attachment-medium size-medium wp-image-1066\" alt=\"\" srcset=\"https:\/\/residenciasolinatura.com\/wp-content\/uploads\/2025\/04\/5jjkmm888-300x169.jpg 300w, https:\/\/residenciasolinatura.com\/wp-content\/uploads\/2025\/04\/5jjkmm888-768x432.jpg 768w, https:\/\/residenciasolinatura.com\/wp-content\/uploads\/2025\/04\/5jjkmm888-18x10.jpg 18w, https:\/\/residenciasolinatura.com\/wp-content\/uploads\/2025\/04\/5jjkmm888.jpg 800w\" sizes=\"(max-width: 300px) 100vw, 300px\"><\/div><\/a>\n\t\t\t\t<div class=\"elementor-post__badge\">Salud<\/div>\n\t\t\t\t<div class=\"elementor-post__text\">\n\t\t\t\t<h3 class=\"elementor-post__title\">\n\t\t\t<a href=\"https:\/\/residenciasolinatura.com\/ca\/el-cuidado-de-los-dientes-en-las-personas-mayores\/\">\n\t\t\t\tLa cura de les dents en la gent gran\t\t\t<\/a>\n\t\t<\/h3>\n\t\t\t\t<div class=\"elementor-post__excerpt\">\n\t\t\t<p>Mantener una buena higiene bucal es importante para la salud y el bienestar de las personas mayores, en particular, las<\/p>\n\t\t<\/div>\n\t\t\t\t<\/div>\n\t\t\t\t<div class=\"elementor-post__meta-data\">\n\t\t\t\t\t<span class=\"elementor-post-date\">\n\t\t\tabril 12, 2025\t\t<\/span>\n\t\t\t\t<\/div>\n\t\t\t\t\t<\/div>\n\t\t<\/article>\n\t\t\t\t<article class=\"elementor-post elementor-grid-item post-1055 post type-post status-publish format-standard has-post-thumbnail hentry category-uncategorized tag-salud\" role=\"listitem\">\n\t\t\t<div class=\"elementor-post__card\">\n\t\t\t\t<a class=\"elementor-post__thumbnail__link\" href=\"https:\/\/residenciasolinatura.com\/ca\/como-proteger-del-sol-la-piel-de-las-personas-mayores\/\" tabindex=\"-1\"><div class=\"elementor-post__thumbnail\"><img loading=\"lazy\" decoding=\"async\" width=\"300\" height=\"158\" src=\"https:\/\/residenciasolinatura.com\/wp-content\/uploads\/2025\/04\/30098nd-300x158.jpg\" class=\"attachment-medium size-medium wp-image-1057\" alt=\"\" srcset=\"https:\/\/residenciasolinatura.com\/wp-content\/uploads\/2025\/04\/30098nd-300x158.jpg 300w, https:\/\/residenciasolinatura.com\/wp-content\/uploads\/2025\/04\/30098nd-768x404.jpg 768w, https:\/\/residenciasolinatura.com\/wp-content\/uploads\/2025\/04\/30098nd-18x9.jpg 18w, https:\/\/residenciasolinatura.com\/wp-content\/uploads\/2025\/04\/30098nd.jpg 800w\" sizes=\"(max-width: 300px) 100vw, 300px\"><\/div><\/a>\n\t\t\t\t<div class=\"elementor-post__badge\">Salud<\/div>\n\t\t\t\t<div class=\"elementor-post__text\">\n\t\t\t\t<h3 class=\"elementor-post__title\">\n\t\t\t<a href=\"https:\/\/residenciasolinatura.com\/ca\/como-proteger-del-sol-la-piel-de-las-personas-mayores\/\">\n\t\t\t\tCom protegir del sol la pell de la gent gran\t\t\t<\/a>\n\t\t<\/h3>\n\t\t\t\t<div class=\"elementor-post__excerpt\">\n\t\t\t<p>Sabemos que el envejecimiento cut\u00e1neo es un proceso ineludible e inevitable y que est\u00e1 gen\u00e9ticamente determinado; ahora bien, tambi\u00e9n sabemos<\/p>\n\t\t<\/div>\n\t\t\t\t<\/div>\n\t\t\t\t<div class=\"elementor-post__meta-data\">\n\t\t\t\t\t<span class=\"elementor-post-date\">\n\t\t\tabril 12, 2025\t\t<\/span>\n\t\t\t\t<\/div>\n\t\t\t\t\t<\/div>\n\t\t<\/article>\n\t\t\t\t<article class=\"elementor-post elementor-grid-item post-605 post type-post status-publish format-standard has-post-thumbnail hentry category-uncategorized tag-salud\" role=\"listitem\">\n\t\t\t<div class=\"elementor-post__card\">\n\t\t\t\t<a class=\"elementor-post__thumbnail__link\" href=\"https:\/\/residenciasolinatura.com\/ca\/beneficios-de-la-socializacion-en-la-tercera-edad\/\" tabindex=\"-1\"><div class=\"elementor-post__thumbnail\"><img loading=\"lazy\" decoding=\"async\" width=\"300\" height=\"200\" src=\"https:\/\/residenciasolinatura.com\/wp-content\/uploads\/2025\/04\/6hhhjki-300x200.jpg\" class=\"attachment-medium size-medium wp-image-1051\" alt=\"\" srcset=\"https:\/\/residenciasolinatura.com\/wp-content\/uploads\/2025\/04\/6hhhjki-300x200.jpg 300w, https:\/\/residenciasolinatura.com\/wp-content\/uploads\/2025\/04\/6hhhjki-768x512.jpg 768w, https:\/\/residenciasolinatura.com\/wp-content\/uploads\/2025\/04\/6hhhjki-18x12.jpg 18w, https:\/\/residenciasolinatura.com\/wp-content\/uploads\/2025\/04\/6hhhjki.jpg 800w\" sizes=\"(max-width: 300px) 100vw, 300px\"><\/div><\/a>\n\t\t\t\t<div class=\"elementor-post__badge\">Salud<\/div>\n\t\t\t\t<div class=\"elementor-post__text\">\n\t\t\t\t<h3 class=\"elementor-post__title\">\n\t\t\t<a href=\"https:\/\/residenciasolinatura.com\/ca\/beneficios-de-la-socializacion-en-la-tercera-edad\/\">\n\t\t\t\tBeneficis de la socialitzaci\u00f3 a la tercera edat\t\t\t<\/a>\n\t\t<\/h3>\n\t\t\t\t<div class=\"elementor-post__excerpt\">\n\t\t\t<p>El ser humano, cuando alcanza una edad, se enfrenta al reto de envejecer de una manera muy distinta que el<\/p>\n\t\t<\/div>\n\t\t\t\t<\/div>\n\t\t\t\t<div class=\"elementor-post__meta-data\">\n\t\t\t\t\t<span class=\"elementor-post-date\">\n\t\t\tabril 6, 2025\t\t<\/span>\n\t\t\t\t<\/div>\n\t\t\t\t\t<\/div>\n\t\t<\/article>\n\t\t\t\t<\/div>\n\t\t\n\t\t\t\t\t\t<\/div>\n\t\t\t\t<\/div>\n\t\t\t\t<div class=\"elementor-element elementor-element-39f1f31 elementor-widget elementor-widget-spacer\" data-id=\"39f1f31\" data-element_type=\"widget\" data-e-type=\"widget\" data-widget_type=\"spacer.default\">\n\t\t\t\t<div class=\"elementor-widget-container\">\n\t\t\t\t\t\t\t<div class=\"elementor-spacer\">\n\t\t\t<div class=\"elementor-spacer-inner\"><\/div>\n\t\t<\/div>\n\t\t\t\t\t\t<\/div>\n\t\t\t\t<\/div>\n\t\t\t\t\t<\/div>\n\t\t\t\t<\/div>\n\t\t\t\t<\/div>","protected":false},"excerpt":{"rendered":"<p>Blog<\/p>","protected":false},"author":1,"featured_media":0,"parent":0,"menu_order":0,"comment_status":"closed","ping_status":"closed","template":"","meta":{"footnotes":""},"class_list":["post-661","page","type-page","status-publish","hentry"],"_links":{"self":[{"href":"https:\/\/residenciasolinatura.com\/ca\/wp-json\/wp\/v2\/pages\/661","targetHints":{"allow":["GET"]}}],"collection":[{"href":"https:\/\/residenciasolinatura.com\/ca\/wp-json\/wp\/v2\/pages"}],"about":[{"href":"https:\/\/residenciasolinatura.com\/ca\/wp-json\/wp\/v2\/types\/page"}],"author":[{"embeddable":true,"href":"https:\/\/residenciasolinatura.com\/ca\/wp-json\/wp\/v2\/users\/1"}],"replies":[{"embeddable":true,"href":"https:\/\/residenciasolinatura.com\/ca\/wp-json\/wp\/v2\/comments?post=661"}],"version-history":[{"count":8,"href":"https:\/\/residenciasolinatura.com\/ca\/wp-json\/wp\/v2\/pages\/661\/revisions"}],"predecessor-version":[{"id":1102,"href":"https:\/\/residenciasolinatura.com\/ca\/wp-json\/wp\/v2\/pages\/661\/revisions\/1102"}],"wp:attachment":[{"href":"https:\/\/residenciasolinatura.com\/ca\/wp-json\/wp\/v2\/media?parent=661"}],"curies":[{"name":"wp","href":"https:\/\/api.w.org\/{rel}","templated":true}]}}