{"id":391,"date":"2025-03-22T10:48:05","date_gmt":"2025-03-22T10:48:05","guid":{"rendered":"https:\/\/residenciasolinatura.com\/?page_id=391"},"modified":"2025-04-15T16:06:18","modified_gmt":"2025-04-15T16:06:18","slug":"sobre-nosotros","status":"publish","type":"page","link":"https:\/\/residenciasolinatura.com\/ca\/sobre-nosotros\/","title":{"rendered":"Sobre Nosaltres"},"content":{"rendered":"<div data-elementor-type=\"wp-page\" data-elementor-id=\"391\" class=\"elementor elementor-391\" data-elementor-post-type=\"page\">\n\t\t\t\t<div class=\"elementor-element elementor-element-1acae23 e-flex e-con-boxed e-con e-parent\" data-id=\"1acae23\" data-element_type=\"container\" data-settings=\"{&quot;background_background&quot;:&quot;classic&quot;}\">\n\t\t\t\t\t<div class=\"e-con-inner\">\n\t\t\t\t<div class=\"elementor-element elementor-element-31baed2 elementor-widget elementor-widget-spacer\" data-id=\"31baed2\" data-element_type=\"widget\" data-widget_type=\"spacer.default\">\n\t\t\t\t<div class=\"elementor-widget-container\">\n\t\t\t\t\t\t\t<div class=\"elementor-spacer\">\n\t\t\t<div class=\"elementor-spacer-inner\"><\/div>\n\t\t<\/div>\n\t\t\t\t\t\t<\/div>\n\t\t\t\t<\/div>\n\t\t\t\t<div class=\"elementor-element elementor-element-9016eee elementor-widget elementor-widget-heading\" data-id=\"9016eee\" data-element_type=\"widget\" data-widget_type=\"heading.default\">\n\t\t\t\t<div class=\"elementor-widget-container\">\n\t\t\t\t\t<h2 class=\"elementor-heading-title elementor-size-default\">Sol i Natura: Innovaci\u00f3 i Comprom\u00eds a la Cura de la Gent Gran<\/h2>\t\t\t\t<\/div>\n\t\t\t\t<\/div>\n\t\t\t\t<div class=\"elementor-element elementor-element-ef284fc elementor-widget elementor-widget-spacer\" data-id=\"ef284fc\" data-element_type=\"widget\" data-widget_type=\"spacer.default\">\n\t\t\t\t<div class=\"elementor-widget-container\">\n\t\t\t\t\t\t\t<div class=\"elementor-spacer\">\n\t\t\t<div class=\"elementor-spacer-inner\"><\/div>\n\t\t<\/div>\n\t\t\t\t\t\t<\/div>\n\t\t\t\t<\/div>\n\t\t\t\t\t<\/div>\n\t\t\t\t<\/div>\n\t\t<div class=\"elementor-element elementor-element-52b5cba e-flex e-con-boxed e-con e-parent\" data-id=\"52b5cba\" data-element_type=\"container\" data-settings=\"{&quot;background_background&quot;:&quot;gradient&quot;}\">\n\t\t\t\t\t<div class=\"e-con-inner\">\n\t\t\t\t<div class=\"elementor-element elementor-element-9c2c2e0 elementor-widget elementor-widget-image\" data-id=\"9c2c2e0\" data-element_type=\"widget\" data-widget_type=\"image.default\">\n\t\t\t\t<div class=\"elementor-widget-container\">\n\t\t\t\t\t\t\t\t\t\t\t\t\t\t\t<img fetchpriority=\"high\" decoding=\"async\" width=\"1600\" height=\"787\" src=\"https:\/\/residenciasolinatura.com\/wp-content\/uploads\/2025\/04\/sobre-nosotros-e1743928877775.jpeg\" class=\"attachment-full size-full wp-image-506\" alt=\"\" srcset=\"https:\/\/residenciasolinatura.com\/wp-content\/uploads\/2025\/04\/sobre-nosotros-e1743928877775.jpeg 1600w, https:\/\/residenciasolinatura.com\/wp-content\/uploads\/2025\/04\/sobre-nosotros-e1743928877775-300x148.jpeg 300w, https:\/\/residenciasolinatura.com\/wp-content\/uploads\/2025\/04\/sobre-nosotros-e1743928877775-1024x504.jpeg 1024w, https:\/\/residenciasolinatura.com\/wp-content\/uploads\/2025\/04\/sobre-nosotros-e1743928877775-768x378.jpeg 768w, https:\/\/residenciasolinatura.com\/wp-content\/uploads\/2025\/04\/sobre-nosotros-e1743928877775-1536x756.jpeg 1536w\" sizes=\"(max-width: 1600px) 100vw, 1600px\">\t\t\t\t\t\t\t\t\t\t\t\t\t\t\t<\/div>\n\t\t\t\t<\/div>\n\t\t\t\t\t<\/div>\n\t\t\t\t<\/div>\n\t\t<div class=\"elementor-element elementor-element-bb74d7f e-flex e-con-boxed e-con e-parent\" data-id=\"bb74d7f\" data-element_type=\"container\" data-settings=\"{&quot;background_background&quot;:&quot;classic&quot;}\">\n\t\t\t\t\t<div class=\"e-con-inner\">\n\t\t\t\t<div class=\"elementor-element elementor-element-9c5ac16 elementor-widget elementor-widget-text-editor\" data-id=\"9c5ac16\" data-element_type=\"widget\" data-widget_type=\"text-editor.default\">\n\t\t\t\t<div class=\"elementor-widget-container\">\n\t\t\t\t\t\t\t\t\t<p>La traject\u00f2ria Sol i Natura s'ha basat en l'experi\u00e8ncia, el comprom\u00eds i la cerca constant de la millor atenci\u00f3 per a la gent gran.<\/p><p>El 2008 la fam\u00edlia Oc\u00f3n va finalitzar la construcci\u00f3 de la Resid\u00e8ncia Sol i Natura a Corbera de Llobregat, ubicada en un entorn natural privilegiat. Inaugurada el 28 de gener del 2009, ha estat gestionada des de llavors pel grup familiar, amb un enfocament d'atenci\u00f3 integral i personalitzada, per millorar l'autonomia i la qualitat de vida dels seus residents.<\/p><p><strong>Un model datenci\u00f3 innovador<\/strong><\/p><p>Amb m\u00e9s de 16 anys d'experi\u00e8ncia, el 2023, la fam\u00edlia Oc\u00f3n va fer un pas m\u00e9s en la seva traject\u00f2ria professional, apostant per un model innovador, procedent dels pa\u00efsos del nord d'Europa i fomentat per les administracions p\u00fabliques: les unitats de conviv\u00e8ncia.<\/p><p>Aix\u00ed neix la Resid\u00e8ncia Sol i Natura de Pallej\u00e0, amb un disseny arquitect\u00f2nic nou basat en unitats de conviv\u00e8ncia, que s\u00f3n microresid\u00e8ncies on viu un grup redu\u00eft de persones, que gaudeixen dels beneficis d'una resid\u00e8ncia petita, com si fossin a casa seva, sense renunciar als serveis d'un centre gran.<\/p><p><strong>Nou enfocament amb Unitats de Conviv\u00e8ncia a Pallej\u00e0<\/strong><\/p><ul><li>7 unitats de conviv\u00e8ncia independents amb el seu propi menjador, sala d\u00b4estar, cuina i terrassa.<\/li><li>Centre de dia, amb un entorn adaptat a les necessitats de cada persona.<\/li><li>Grups redu\u00efts, cosa que permet atenci\u00f3 m\u00e9s personalitzada i horaris flexibles.<\/li><li>Major interacci\u00f3 social, fomentant relacions properes i fluides entre residents.<\/li><li>Participaci\u00f3 de les fam\u00edlies que poden compartir activitats en un entorn acollidor i familiar.<\/li><\/ul><p><strong><br \/>Un projecte innovador i premiat<\/strong><\/p><p>El projecte de la resid\u00e8ncia basat en les unitats de conviv\u00e8ncia va ser presentat a la convocat\u00f2ria de subvencions del Departament de Drets Socials, en el marc del Pla de Recuperaci\u00f3, Transformaci\u00f3 i Resili\u00e8ncia, finan\u00e7at per la Uni\u00f3 Europea (Fons Next Generation), i va ser premiat per la seva innovaci\u00f3 i el seu impacte positiu en el benestar de la gent gran.<\/p><p><strong>El futur de les resid\u00e8ncies<\/strong><\/p><p>A Sol i Natura apostem per un model que personalitza l'atenci\u00f3, fugint de la institucionalitzaci\u00f3 i afavorint la conservaci\u00f3 de capacitats funcionals i cognitives. Estem conven\u00e7uts que aquest projecte, pioner a Catalunya, marcar\u00e0 el cam\u00ed cap al futur de la cura de gent gran i ens convertir\u00e0 en un referent al sector.<\/p>\t\t\t\t\t\t\t\t<\/div>\n\t\t\t\t<\/div>\n\t\t\t\t<div class=\"elementor-element elementor-element-8c13872 elementor-widget elementor-widget-spacer\" data-id=\"8c13872\" data-element_type=\"widget\" data-widget_type=\"spacer.default\">\n\t\t\t\t<div class=\"elementor-widget-container\">\n\t\t\t\t\t\t\t<div class=\"elementor-spacer\">\n\t\t\t<div class=\"elementor-spacer-inner\"><\/div>\n\t\t<\/div>\n\t\t\t\t\t\t<\/div>\n\t\t\t\t<\/div>\n\t\t\t\t\t<\/div>\n\t\t\t\t<\/div>\n\t\t<div class=\"elementor-element elementor-element-68b731f e-flex e-con-boxed e-con e-parent\" data-id=\"68b731f\" data-element_type=\"container\" data-settings=\"{&quot;background_background&quot;:&quot;classic&quot;}\">\n\t\t\t\t\t<div class=\"e-con-inner\">\n\t\t<div class=\"elementor-element elementor-element-7d3aeb8 e-con-full e-flex e-con e-child\" data-id=\"7d3aeb8\" data-element_type=\"container\" data-settings=\"{&quot;background_background&quot;:&quot;classic&quot;}\">\n\t\t\t\t<div class=\"elementor-element elementor-element-8cf31fe elementor-widget elementor-widget-text-editor\" data-id=\"8cf31fe\" data-element_type=\"widget\" data-widget_type=\"text-editor.default\">\n\t\t\t\t<div class=\"elementor-widget-container\">\n\t\t\t\t\t\t\t\t\t<p>La nostra il\u00b7lusi\u00f3, comprom\u00eds i passi\u00f3 estan posats en aquest model. Hi creiem i sabem que ser\u00e0 un \u00e8xit.<\/p>\t\t\t\t\t\t\t\t<\/div>\n\t\t\t\t<\/div>\n\t\t\t\t<\/div>\n\t\t\t\t\t<\/div>\n\t\t\t\t<\/div>\n\t\t<div class=\"elementor-element elementor-element-db2f753 e-flex e-con-boxed e-con e-parent\" data-id=\"db2f753\" data-element_type=\"container\" data-settings=\"{&quot;background_background&quot;:&quot;classic&quot;}\">\n\t\t\t\t\t<div class=\"e-con-inner\">\n\t\t\t\t<div class=\"elementor-element elementor-element-038ce06 elementor-widget elementor-widget-spacer\" data-id=\"038ce06\" data-element_type=\"widget\" data-widget_type=\"spacer.default\">\n\t\t\t\t<div class=\"elementor-widget-container\">\n\t\t\t\t\t\t\t<div class=\"elementor-spacer\">\n\t\t\t<div class=\"elementor-spacer-inner\"><\/div>\n\t\t<\/div>\n\t\t\t\t\t\t<\/div>\n\t\t\t\t<\/div>\n\t\t\t\t\t<\/div>\n\t\t\t\t<\/div>\n\t\t\t\t<\/div>","protected":false},"excerpt":{"rendered":"<p>Sol i Natura: Innovaci\u00f3n y Compromiso en el Cuidado de Mayores La trayectoria Sol i Natura se ha basado en la experiencia, el compromiso y la b\u00fasqueda constante de la mejor atenci\u00f3n para las personas mayores. En 2008 la familia Oc\u00f3n finaliz\u00f3 la construcci\u00f3n de la Residencia Sol i Natura en Corbera de Llobregat, ubicada [&hellip;]<\/p>","protected":false},"author":1,"featured_media":0,"parent":0,"menu_order":0,"comment_status":"closed","ping_status":"closed","template":"","meta":{"footnotes":""},"class_list":["post-391","page","type-page","status-publish","hentry"],"_links":{"self":[{"href":"https:\/\/residenciasolinatura.com\/ca\/wp-json\/wp\/v2\/pages\/391","targetHints":{"allow":["GET"]}}],"collection":[{"href":"https:\/\/residenciasolinatura.com\/ca\/wp-json\/wp\/v2\/pages"}],"about":[{"href":"https:\/\/residenciasolinatura.com\/ca\/wp-json\/wp\/v2\/types\/page"}],"author":[{"embeddable":true,"href":"https:\/\/residenciasolinatura.com\/ca\/wp-json\/wp\/v2\/users\/1"}],"replies":[{"embeddable":true,"href":"https:\/\/residenciasolinatura.com\/ca\/wp-json\/wp\/v2\/comments?post=391"}],"version-history":[{"count":20,"href":"https:\/\/residenciasolinatura.com\/ca\/wp-json\/wp\/v2\/pages\/391\/revisions"}],"predecessor-version":[{"id":1134,"href":"https:\/\/residenciasolinatura.com\/ca\/wp-json\/wp\/v2\/pages\/391\/revisions\/1134"}],"wp:attachment":[{"href":"https:\/\/residenciasolinatura.com\/ca\/wp-json\/wp\/v2\/media?parent=391"}],"curies":[{"name":"wp","href":"https:\/\/api.w.org\/{rel}","templated":true}]}}