{"id":382,"date":"2025-03-22T10:31:01","date_gmt":"2025-03-22T10:31:01","guid":{"rendered":"https:\/\/residenciasolinatura.com\/?page_id=382"},"modified":"2025-10-08T18:26:29","modified_gmt":"2025-10-08T16:26:29","slug":"proyecto-verde","status":"publish","type":"page","link":"https:\/\/residenciasolinatura.com\/ca\/proyecto-verde\/","title":{"rendered":"Projecte Verd"},"content":{"rendered":"<div data-elementor-type=\"wp-page\" data-elementor-id=\"382\" class=\"elementor elementor-382\" data-elementor-post-type=\"page\">\n\t\t\t\t<div class=\"elementor-element elementor-element-1acae23 e-flex e-con-boxed e-con e-parent\" data-id=\"1acae23\" data-element_type=\"container\" data-settings=\"{&quot;background_background&quot;:&quot;classic&quot;}\">\n\t\t\t\t\t<div class=\"e-con-inner\">\n\t\t\t\t<div class=\"elementor-element elementor-element-31baed2 elementor-widget elementor-widget-spacer\" data-id=\"31baed2\" data-element_type=\"widget\" data-widget_type=\"spacer.default\">\n\t\t\t\t<div class=\"elementor-widget-container\">\n\t\t\t\t\t\t\t<div class=\"elementor-spacer\">\n\t\t\t<div class=\"elementor-spacer-inner\"><\/div>\n\t\t<\/div>\n\t\t\t\t\t\t<\/div>\n\t\t\t\t<\/div>\n\t\t\t\t<div class=\"elementor-element elementor-element-9016eee elementor-widget elementor-widget-heading\" data-id=\"9016eee\" data-element_type=\"widget\" data-widget_type=\"heading.default\">\n\t\t\t\t<div class=\"elementor-widget-container\">\n\t\t\t\t\t<h2 class=\"elementor-heading-title elementor-size-default\">Projecte Verd<\/h2>\t\t\t\t<\/div>\n\t\t\t\t<\/div>\n\t\t\t\t<div class=\"elementor-element elementor-element-ef284fc elementor-widget elementor-widget-spacer\" data-id=\"ef284fc\" data-element_type=\"widget\" data-widget_type=\"spacer.default\">\n\t\t\t\t<div class=\"elementor-widget-container\">\n\t\t\t\t\t\t\t<div class=\"elementor-spacer\">\n\t\t\t<div class=\"elementor-spacer-inner\"><\/div>\n\t\t<\/div>\n\t\t\t\t\t\t<\/div>\n\t\t\t\t<\/div>\n\t\t\t\t\t<\/div>\n\t\t\t\t<\/div>\n\t\t<div class=\"elementor-element elementor-element-da77d9b e-flex e-con-boxed e-con e-parent\" data-id=\"da77d9b\" data-element_type=\"container\">\n\t\t\t\t\t<div class=\"e-con-inner\">\n\t\t<div class=\"elementor-element elementor-element-42264a0 e-con-full e-flex e-con e-child\" data-id=\"42264a0\" data-element_type=\"container\">\n\t\t\t\t<div class=\"elementor-element elementor-element-8345cc6 elementor-widget elementor-widget-image\" data-id=\"8345cc6\" data-element_type=\"widget\" data-widget_type=\"image.default\">\n\t\t\t\t<div class=\"elementor-widget-container\">\n\t\t\t\t\t\t\t\t\t\t\t\t\t\t\t<img fetchpriority=\"high\" decoding=\"async\" width=\"799\" height=\"210\" src=\"https:\/\/residenciasolinatura.com\/wp-content\/uploads\/2025\/03\/ue-next-gen.jpg\" class=\"attachment-large size-large wp-image-386\" alt=\"\" srcset=\"https:\/\/residenciasolinatura.com\/wp-content\/uploads\/2025\/03\/ue-next-gen.jpg 799w, https:\/\/residenciasolinatura.com\/wp-content\/uploads\/2025\/03\/ue-next-gen-300x79.jpg 300w, https:\/\/residenciasolinatura.com\/wp-content\/uploads\/2025\/03\/ue-next-gen-768x202.jpg 768w\" sizes=\"(max-width: 799px) 100vw, 799px\">\t\t\t\t\t\t\t\t\t\t\t\t\t\t\t<\/div>\n\t\t\t\t<\/div>\n\t\t\t\t<\/div>\n\t\t<div class=\"elementor-element elementor-element-90fea36 e-con-full e-flex e-con e-child\" data-id=\"90fea36\" data-element_type=\"container\">\n\t\t\t\t<div class=\"elementor-element elementor-element-c41ab74 elementor-widget elementor-widget-image\" data-id=\"c41ab74\" data-element_type=\"widget\" data-widget_type=\"image.default\">\n\t\t\t\t<div class=\"elementor-widget-container\">\n\t\t\t\t\t\t\t\t\t\t\t\t\t\t\t<img decoding=\"async\" width=\"800\" height=\"103\" src=\"https:\/\/residenciasolinatura.com\/wp-content\/uploads\/2025\/03\/gobierno.jpg\" class=\"attachment-large size-large wp-image-385\" alt=\"\" srcset=\"https:\/\/residenciasolinatura.com\/wp-content\/uploads\/2025\/03\/gobierno.jpg 800w, https:\/\/residenciasolinatura.com\/wp-content\/uploads\/2025\/03\/gobierno-300x39.jpg 300w, https:\/\/residenciasolinatura.com\/wp-content\/uploads\/2025\/03\/gobierno-768x99.jpg 768w\" sizes=\"(max-width: 800px) 100vw, 800px\">\t\t\t\t\t\t\t\t\t\t\t\t\t\t\t<\/div>\n\t\t\t\t<\/div>\n\t\t\t\t<\/div>\n\t\t<div class=\"elementor-element elementor-element-6612956 e-con-full e-flex e-con e-child\" data-id=\"6612956\" data-element_type=\"container\">\n\t\t\t\t<div class=\"elementor-element elementor-element-f3c0430 elementor-widget elementor-widget-image\" data-id=\"f3c0430\" data-element_type=\"widget\" data-widget_type=\"image.default\">\n\t\t\t\t<div class=\"elementor-widget-container\">\n\t\t\t\t\t\t\t\t\t\t\t\t\t\t\t<img decoding=\"async\" width=\"682\" height=\"82\" src=\"https:\/\/residenciasolinatura.com\/wp-content\/uploads\/2025\/03\/catalunya-next-gen.jpg\" class=\"attachment-large size-large wp-image-384\" alt=\"\" srcset=\"https:\/\/residenciasolinatura.com\/wp-content\/uploads\/2025\/03\/catalunya-next-gen.jpg 682w, https:\/\/residenciasolinatura.com\/wp-content\/uploads\/2025\/03\/catalunya-next-gen-300x36.jpg 300w\" sizes=\"(max-width: 682px) 100vw, 682px\">\t\t\t\t\t\t\t\t\t\t\t\t\t\t\t<\/div>\n\t\t\t\t<\/div>\n\t\t\t\t<\/div>\n\t\t\t\t\t<\/div>\n\t\t\t\t<\/div>\n\t\t<div class=\"elementor-element elementor-element-52b5cba e-flex e-con-boxed e-con e-parent\" data-id=\"52b5cba\" data-element_type=\"container\" data-settings=\"{&quot;background_background&quot;:&quot;gradient&quot;}\">\n\t\t\t\t\t<div class=\"e-con-inner\">\n\t\t\t\t<div class=\"elementor-element elementor-element-9c2c2e0 elementor-widget elementor-widget-image\" data-id=\"9c2c2e0\" data-element_type=\"widget\" data-widget_type=\"image.default\">\n\t\t\t\t<div class=\"elementor-widget-container\">\n\t\t\t\t\t\t\t\t\t\t\t\t\t\t\t<img decoding=\"async\" src=\"https:\/\/residenciasolinatura.com\/wp-content\/uploads\/elementor\/thumbs\/proyecto-verde-r43rkiii0e6c4f5wxp4s4t4adhizikragcin3r5ne6.jpg\" title=\"proyecto verde\" alt=\"proyecto verde\" loading=\"lazy\" \/>\t\t\t\t\t\t\t\t\t\t\t\t\t\t\t<\/div>\n\t\t\t\t<\/div>\n\t\t\t\t\t<\/div>\n\t\t\t\t<\/div>\n\t\t<div class=\"elementor-element elementor-element-bb74d7f e-flex e-con-boxed e-con e-parent\" data-id=\"bb74d7f\" data-element_type=\"container\" data-settings=\"{&quot;background_background&quot;:&quot;classic&quot;}\">\n\t\t\t\t\t<div class=\"e-con-inner\">\n\t\t\t\t<div class=\"elementor-element elementor-element-9c5ac16 elementor-widget elementor-widget-text-editor\" data-id=\"9c5ac16\" data-element_type=\"widget\" data-widget_type=\"text-editor.default\">\n\t\t\t\t<div class=\"elementor-widget-container\">\n\t\t\t\t\t\t\t\t\t<p>A Sol i Natura, oferim estades temporals pensades per brindar a la gent gran el mateix nivell de cura i atenci\u00f3 que rebrien com a residents de llarga estada.<\/p><p>Durant el seu temps amb nosaltres, gaudireu de serveis complets que inclouen atenci\u00f3 m\u00e8dica i d'infermeria, ter\u00e0pia ocupacional, rehabilitaci\u00f3, men\u00fas personalitzats, i rentat i planxat de roba. Aix\u00f2 permet que els cuidadors puguin prendre un merescut respir i gaudir de temps per a si mateixos.<\/p>\t\t\t\t\t\t\t\t<\/div>\n\t\t\t\t<\/div>\n\t\t\t\t\t<\/div>\n\t\t\t\t<\/div>\n\t\t<div class=\"elementor-element elementor-element-1607227 e-flex e-con-boxed e-con e-parent\" data-id=\"1607227\" data-element_type=\"container\" data-settings=\"{&quot;background_background&quot;:&quot;classic&quot;}\">\n\t\t\t\t\t<div class=\"e-con-inner\">\n\t\t\t\t<div class=\"elementor-element elementor-element-a259107 elementor-widget elementor-widget-spacer\" data-id=\"a259107\" data-element_type=\"widget\" data-widget_type=\"spacer.default\">\n\t\t\t\t<div class=\"elementor-widget-container\">\n\t\t\t\t\t\t\t<div class=\"elementor-spacer\">\n\t\t\t<div class=\"elementor-spacer-inner\"><\/div>\n\t\t<\/div>\n\t\t\t\t\t\t<\/div>\n\t\t\t\t<\/div>\n\t\t\t\t<div class=\"elementor-element elementor-element-24dad7b elementor-widget elementor-widget-heading\" data-id=\"24dad7b\" data-element_type=\"widget\" data-widget_type=\"heading.default\">\n\t\t\t\t<div class=\"elementor-widget-container\">\n\t\t\t\t\t<h2 class=\"elementor-heading-title elementor-size-default\">Sol i Natura Corbera<\/h2>\t\t\t\t<\/div>\n\t\t\t\t<\/div>\n\t\t\t\t<div class=\"elementor-element elementor-element-1db9d4e elementor-widget elementor-widget-text-editor\" data-id=\"1db9d4e\" data-element_type=\"widget\" data-widget_type=\"text-editor.default\">\n\t\t\t\t<div class=\"elementor-widget-container\">\n\t\t\t\t\t\t\t\t\t<p>La Resid\u00e8ncia d\u00b4\u00c0vis Sol i Natura est\u00e0 molt compromesa amb la inversi\u00f3 de MESURES DE SUPORT PER A LA REDUCCI\u00d3 D\u00b4EMISSIONS A L\u00b4ATMOSFERA.<\/p><p>Com a mesures adoptades per l'empresa, la Resid\u00e8ncia disposa d'un sistema d'instal\u00b7laci\u00f3 fotovoltaica de 25 kWn per generar la seva pr\u00f2pia demanda d'electricitat realitzada en dues fases. efici\u00e8ncia mediambiental de la instal\u00b7laci\u00f3 fotovoltaica, s'hi va incorporar posteriorment un sistema d'emmagatzematge d'energia mitjan\u00e7ant bateries amb una capacitat de 22 kW perqu\u00e8 l'electricitat de fonts renovables generada es destini l'autoconsum propi.<\/p><p>Per al desenvolupament del projecte d'ampliaci\u00f3 de la instal\u00b7laci\u00f3 Fotovoltaica acollit al programa 1 i el sistema d'emmagatzematge d'electricitat per fonts renovables acollit dins del programa 3 va ser determinant per a la seva execuci\u00f3 poder acollir-se a les ajudes d'incentius lligats a l'autoconsum i emmagatzematge, amb fonts d'energia renovable en el marc del Pla de Recuperaci\u00f3, Transformaci\u00f3 i Resili\u00e8ncia.<\/p><p>Gr\u00e0cies a aquesta instal\u00b7laci\u00f3 solar fotovoltaica amb sistema d'emmagatzematge d'energia, la Resid\u00e8ncia d'Avis Sol i Natura tindr\u00e0 una generaci\u00f3 el\u00e8ctrica renovable anual de 35 MWh aprox. que es destinaran directament als consums el\u00e8ctrics de la Resid\u00e8ncia el que implica els seg\u00fcents beneficis mediambientals:<\/p><p>Es deixaran d'emetre a l'atmosfera aproximadament 270 Tn de CO2 durant la vida \u00fatil de la instal\u00b7laci\u00f3 prevista per a 25 anys. Seria l'equivalent a la plantaci\u00f3 anual de 135 arbres a la natura.<\/p><p>Aquest projecte es va desenvolupar en tenir un suport financer important de la UNI\u00d3 EUROPEA amb el pla de recuperaci\u00f3 NextGenerationEU.\u00a0<\/p>\t\t\t\t\t\t\t\t<\/div>\n\t\t\t\t<\/div>\n\t\t\t\t<div class=\"elementor-element elementor-element-ccdfaad elementor-widget elementor-widget-heading\" data-id=\"ccdfaad\" data-element_type=\"widget\" data-widget_type=\"heading.default\">\n\t\t\t\t<div class=\"elementor-widget-container\">\n\t\t\t\t\t<h2 class=\"elementor-heading-title elementor-size-default\">Sol i Natura Pallej\u00e0<\/h2>\t\t\t\t<\/div>\n\t\t\t\t<\/div>\n\t\t\t\t<div class=\"elementor-element elementor-element-bd99324 elementor-widget elementor-widget-text-editor\" data-id=\"bd99324\" data-element_type=\"widget\" data-widget_type=\"text-editor.default\">\n\t\t\t\t<div class=\"elementor-widget-container\">\n\t\t\t\t\t\t\t\t\t<p>Un nou model d'atenci\u00f3 centrada en la persona, per al qual s\u201fha dissenyat arquitect\u00f2nicament un edifici modern i sostenible amb:<\/p><ul><li>Tecnologies Renovables i Materials Sostenibles: Instal\u00b7lacions amb panells solars i utilitzaci\u00f3 de materials biocompatibles per reduir la petjada de carboni.<\/li><li>Il\u00b7luminaci\u00f3 i A\u00efllament Eficients: Il\u00b7luminaci\u00f3 LED i materials d\u00b4a\u00efllament ac\u00fastic per millorar l\u00b4efici\u00e8ncia energ\u00e8tica i el confort.<\/li><li>Reciclatge i Espais Verds: Espais per al reciclatge i desenvolupar \u00e0rees verdes per promoure la biodiversitat i la consci\u00e8ncia ambiental.<\/li><\/ul><p><br \/><strong>Aquest projecte est\u00e0 finan\u00e7at per fons\u00a0Next Generation EU.<\/strong><\/p>\t\t\t\t\t\t\t\t<\/div>\n\t\t\t\t<\/div>\n\t\t\t\t\t<\/div>\n\t\t\t\t<\/div>\n\t\t<div class=\"elementor-element elementor-element-cde4425 e-flex e-con-boxed e-con e-parent\" data-id=\"cde4425\" data-element_type=\"container\" data-settings=\"{&quot;background_background&quot;:&quot;classic&quot;}\">\n\t\t\t\t\t<div class=\"e-con-inner\">\n\t\t<div class=\"elementor-element elementor-element-672e803 e-con-full e-flex e-con e-child\" data-id=\"672e803\" data-element_type=\"container\">\n\t\t\t\t<div class=\"elementor-element elementor-element-7b7403f elementor-widget elementor-widget-image\" data-id=\"7b7403f\" data-element_type=\"widget\" data-widget_type=\"image.default\">\n\t\t\t\t<div class=\"elementor-widget-container\">\n\t\t\t\t\t\t\t\t\t\t\t\t\t\t\t<img fetchpriority=\"high\" decoding=\"async\" width=\"799\" height=\"210\" src=\"https:\/\/residenciasolinatura.com\/wp-content\/uploads\/2025\/03\/ue-next-gen.jpg\" class=\"attachment-large size-large wp-image-386\" alt=\"\" srcset=\"https:\/\/residenciasolinatura.com\/wp-content\/uploads\/2025\/03\/ue-next-gen.jpg 799w, https:\/\/residenciasolinatura.com\/wp-content\/uploads\/2025\/03\/ue-next-gen-300x79.jpg 300w, https:\/\/residenciasolinatura.com\/wp-content\/uploads\/2025\/03\/ue-next-gen-768x202.jpg 768w\" sizes=\"(max-width: 799px) 100vw, 799px\">\t\t\t\t\t\t\t\t\t\t\t\t\t\t\t<\/div>\n\t\t\t\t<\/div>\n\t\t\t\t<\/div>\n\t\t<div class=\"elementor-element elementor-element-f3e6239 e-con-full e-flex e-con e-child\" data-id=\"f3e6239\" data-element_type=\"container\">\n\t\t\t\t<div class=\"elementor-element elementor-element-734aa59 elementor-widget elementor-widget-image\" data-id=\"734aa59\" data-element_type=\"widget\" data-widget_type=\"image.default\">\n\t\t\t\t<div class=\"elementor-widget-container\">\n\t\t\t\t\t\t\t\t\t\t\t\t\t\t\t<img decoding=\"async\" width=\"800\" height=\"103\" src=\"https:\/\/residenciasolinatura.com\/wp-content\/uploads\/2025\/03\/gobierno.jpg\" class=\"attachment-large size-large wp-image-385\" alt=\"\" srcset=\"https:\/\/residenciasolinatura.com\/wp-content\/uploads\/2025\/03\/gobierno.jpg 800w, https:\/\/residenciasolinatura.com\/wp-content\/uploads\/2025\/03\/gobierno-300x39.jpg 300w, https:\/\/residenciasolinatura.com\/wp-content\/uploads\/2025\/03\/gobierno-768x99.jpg 768w\" sizes=\"(max-width: 800px) 100vw, 800px\">\t\t\t\t\t\t\t\t\t\t\t\t\t\t\t<\/div>\n\t\t\t\t<\/div>\n\t\t\t\t<\/div>\n\t\t<div class=\"elementor-element elementor-element-cd5e5e7 e-con-full e-flex e-con e-child\" data-id=\"cd5e5e7\" data-element_type=\"container\">\n\t\t\t\t<div class=\"elementor-element elementor-element-2c1b46c elementor-widget elementor-widget-image\" data-id=\"2c1b46c\" data-element_type=\"widget\" data-widget_type=\"image.default\">\n\t\t\t\t<div class=\"elementor-widget-container\">\n\t\t\t\t\t\t\t\t\t\t\t\t\t\t\t<img decoding=\"async\" width=\"682\" height=\"82\" src=\"https:\/\/residenciasolinatura.com\/wp-content\/uploads\/2025\/03\/catalunya-next-gen.jpg\" class=\"attachment-large size-large wp-image-384\" alt=\"\" srcset=\"https:\/\/residenciasolinatura.com\/wp-content\/uploads\/2025\/03\/catalunya-next-gen.jpg 682w, https:\/\/residenciasolinatura.com\/wp-content\/uploads\/2025\/03\/catalunya-next-gen-300x36.jpg 300w\" sizes=\"(max-width: 682px) 100vw, 682px\">\t\t\t\t\t\t\t\t\t\t\t\t\t\t\t<\/div>\n\t\t\t\t<\/div>\n\t\t\t\t<\/div>\n\t\t\t\t\t<\/div>\n\t\t\t\t<\/div>\n\t\t<div class=\"elementor-element elementor-element-c8af390 e-flex e-con-boxed e-con e-parent\" data-id=\"c8af390\" data-element_type=\"container\" data-settings=\"{&quot;background_background&quot;:&quot;gradient&quot;}\">\n\t\t\t\t\t<div class=\"e-con-inner\">\n\t\t<div class=\"elementor-element elementor-element-318ad48 e-grid e-con-full e-con e-child\" data-id=\"318ad48\" data-element_type=\"container\" data-settings=\"{&quot;background_background&quot;:&quot;classic&quot;}\">\n\t\t<div class=\"elementor-element elementor-element-02ec125 e-con-full e-flex e-con e-child\" data-id=\"02ec125\" data-element_type=\"container\">\n\t\t\t\t<div class=\"elementor-element elementor-element-a0f852a elementor-widget elementor-widget-heading\" data-id=\"a0f852a\" data-element_type=\"widget\" data-widget_type=\"heading.default\">\n\t\t\t\t<div class=\"elementor-widget-container\">\n\t\t\t\t\t<h2 class=\"elementor-heading-title elementor-size-default\">Contacta amb nosaltres<\/h2>\t\t\t\t<\/div>\n\t\t\t\t<\/div>\n\t\t\t\t<div class=\"elementor-element elementor-element-8e46500 elementor-widget elementor-widget-text-editor\" data-id=\"8e46500\" data-element_type=\"widget\" data-widget_type=\"text-editor.default\">\n\t\t\t\t<div class=\"elementor-widget-container\">\n\t\t\t\t\t\t\t\t\t<p>Carretera de l\u2019 Amunt, 8\u2028<br \/>08757 Corbera de Llobregat (Barcelona)\u2028<br \/>Tel\u00e9fono: <a href=\"tel:936502589\">936 50 25 89<\/a><br \/><a href=\"mailto:corbera@residenciasolinatura.com\">corbera@residenciasolinatura.com<\/a><\/p>\t\t\t\t\t\t\t\t<\/div>\n\t\t\t\t<\/div>\n\t\t\t\t<div class=\"elementor-element elementor-element-83ab15b elementor-align-left elementor-mobile-align-center elementor-widget elementor-widget-button\" data-id=\"83ab15b\" data-element_type=\"widget\" data-widget_type=\"button.default\">\n\t\t\t\t<div class=\"elementor-widget-container\">\n\t\t\t\t\t\t\t\t\t<div class=\"elementor-button-wrapper\">\n\t\t\t\t\t<a class=\"elementor-button elementor-button-link elementor-size-sm\" href=\"\/ca\/contacto\/\">\n\t\t\t\t\t\t<span class=\"elementor-button-content-wrapper\">\n\t\t\t\t\t\t\t\t\t<span class=\"elementor-button-text\">Contactar<\/span>\n\t\t\t\t\t<\/span>\n\t\t\t\t\t<\/a>\n\t\t\t\t<\/div>\n\t\t\t\t\t\t\t\t<\/div>\n\t\t\t\t<\/div>\n\t\t\t\t<\/div>\n\t\t<div class=\"elementor-element elementor-element-1401f0a e-con-full e-flex e-con e-child\" data-id=\"1401f0a\" data-element_type=\"container\">\n\t\t\t\t<div class=\"elementor-element elementor-element-8283915 elementor-widget elementor-widget-text-editor\" data-id=\"8283915\" data-element_type=\"widget\" data-widget_type=\"text-editor.default\">\n\t\t\t\t<div class=\"elementor-widget-container\">\n\t\t\t\t\t\t\t\t\t<p>Passeig Josep Maria de Sagarra, 13<br \/>08780 Pallej\u00e0 (Barcelona)<br \/>Tel\u00e9fono: <a href=\"tel:930469101\">930 46 91 01<\/a><br \/>M\u00f3vil: <a href=\"tel:681256457\">681 256 457<\/a><br \/><a href=\"mailto: palleja@residenciasolinatura.com\">palleja@residenciasolinatura.com<\/a><\/p>\t\t\t\t\t\t\t\t<\/div>\n\t\t\t\t<\/div>\n\t\t\t\t<div class=\"elementor-element elementor-element-d33d095 elementor-align-left elementor-mobile-align-center elementor-widget elementor-widget-button\" data-id=\"d33d095\" data-element_type=\"widget\" data-widget_type=\"button.default\">\n\t\t\t\t<div class=\"elementor-widget-container\">\n\t\t\t\t\t\t\t\t\t<div class=\"elementor-button-wrapper\">\n\t\t\t\t\t<a class=\"elementor-button elementor-button-link elementor-size-sm\" href=\"\/ca\/contacto\/\">\n\t\t\t\t\t\t<span class=\"elementor-button-content-wrapper\">\n\t\t\t\t\t\t\t\t\t<span class=\"elementor-button-text\">Contactar<\/span>\n\t\t\t\t\t<\/span>\n\t\t\t\t\t<\/a>\n\t\t\t\t<\/div>\n\t\t\t\t\t\t\t\t<\/div>\n\t\t\t\t<\/div>\n\t\t\t\t<\/div>\n\t\t\t\t<\/div>\n\t\t\t\t\t<\/div>\n\t\t\t\t<\/div>\n\t\t\t\t<\/div>","protected":false},"excerpt":{"rendered":"<p>Proyecto Verde En Sol i Natura, ofrecemos estancias temporales pensadas para brindar a los mayores el mismo nivel de cuidado y atenci\u00f3n que recibir\u00edan como residentes de larga estancia. Durante su tiempo con nosotros, disfrutar\u00e1n de servicios completos que incluyen atenci\u00f3n m\u00e9dica y de enfermer\u00eda, terapia ocupacional, rehabilitaci\u00f3n, men\u00fas personalizados, y lavado y planchado de [&hellip;]<\/p>","protected":false},"author":1,"featured_media":0,"parent":0,"menu_order":0,"comment_status":"closed","ping_status":"closed","template":"","meta":{"footnotes":""},"class_list":["post-382","page","type-page","status-publish","hentry"],"_links":{"self":[{"href":"https:\/\/residenciasolinatura.com\/ca\/wp-json\/wp\/v2\/pages\/382","targetHints":{"allow":["GET"]}}],"collection":[{"href":"https:\/\/residenciasolinatura.com\/ca\/wp-json\/wp\/v2\/pages"}],"about":[{"href":"https:\/\/residenciasolinatura.com\/ca\/wp-json\/wp\/v2\/types\/page"}],"author":[{"embeddable":true,"href":"https:\/\/residenciasolinatura.com\/ca\/wp-json\/wp\/v2\/users\/1"}],"replies":[{"embeddable":true,"href":"https:\/\/residenciasolinatura.com\/ca\/wp-json\/wp\/v2\/comments?post=382"}],"version-history":[{"count":40,"href":"https:\/\/residenciasolinatura.com\/ca\/wp-json\/wp\/v2\/pages\/382\/revisions"}],"predecessor-version":[{"id":2055,"href":"https:\/\/residenciasolinatura.com\/ca\/wp-json\/wp\/v2\/pages\/382\/revisions\/2055"}],"wp:attachment":[{"href":"https:\/\/residenciasolinatura.com\/ca\/wp-json\/wp\/v2\/media?parent=382"}],"curies":[{"name":"wp","href":"https:\/\/api.w.org\/{rel}","templated":true}]}}