{"id":1006,"date":"2025-04-11T18:01:18","date_gmt":"2025-04-11T18:01:18","guid":{"rendered":"https:\/\/residenciasolinatura.com\/?page_id=1006"},"modified":"2025-10-08T13:50:50","modified_gmt":"2025-10-08T11:50:50","slug":"politica-de-cookies","status":"publish","type":"page","link":"https:\/\/residenciasolinatura.com\/ca\/politica-de-cookies\/","title":{"rendered":"Pol\u00edtica de cookies"},"content":{"rendered":"<div data-elementor-type=\"wp-page\" data-elementor-id=\"1006\" class=\"elementor elementor-1006\" data-elementor-post-type=\"page\">\n\t\t\t\t<div class=\"elementor-element elementor-element-1acae23 e-grid e-con-boxed e-con e-parent\" data-id=\"1acae23\" data-element_type=\"container\" data-settings=\"{&quot;background_background&quot;:&quot;classic&quot;}\">\n\t\t\t\t\t<div class=\"e-con-inner\">\n\t\t\t\t<div class=\"elementor-element elementor-element-31baed2 elementor-widget elementor-widget-spacer\" data-id=\"31baed2\" data-element_type=\"widget\" data-widget_type=\"spacer.default\">\n\t\t\t\t<div class=\"elementor-widget-container\">\n\t\t\t\t\t\t\t<div class=\"elementor-spacer\">\n\t\t\t<div class=\"elementor-spacer-inner\"><\/div>\n\t\t<\/div>\n\t\t\t\t\t\t<\/div>\n\t\t\t\t<\/div>\n\t\t\t\t<div class=\"elementor-element elementor-element-9016eee elementor-widget elementor-widget-heading\" data-id=\"9016eee\" data-element_type=\"widget\" data-widget_type=\"heading.default\">\n\t\t\t\t<div class=\"elementor-widget-container\">\n\t\t\t\t\t<h2 class=\"elementor-heading-title elementor-size-default\">Pol\u00edtica de Cookies<\/h2>\t\t\t\t<\/div>\n\t\t\t\t<\/div>\n\t\t\t\t\t<\/div>\n\t\t\t\t<\/div>\n\t\t<div class=\"elementor-element elementor-element-bb74d7f e-flex e-con-boxed e-con e-parent\" data-id=\"bb74d7f\" data-element_type=\"container\" data-settings=\"{&quot;background_background&quot;:&quot;classic&quot;}\">\n\t\t\t\t\t<div class=\"e-con-inner\">\n\t\t\t\t<div class=\"elementor-element elementor-element-9c5ac16 elementor-widget elementor-widget-text-editor\" data-id=\"9c5ac16\" data-element_type=\"widget\" data-widget_type=\"text-editor.default\">\n\t\t\t\t<div class=\"elementor-widget-container\">\n\t\t\t\t\t\t\t\t\t<p><span style=\"text-decoration: underline;\"><b>PER QU\u00c8 NECESSITEM EL SEU CONSENTIMENT EXPL\u00cdCIT PER A UTILITZAR LES COOKIES?<\/b><\/span><\/p><p>La Guia de l\u2019AEPD, de juliol de 2023, amb l\u2019aportaci\u00f3 d\u2019informaci\u00f3 i criteris del Comit\u00e8 Europeu en Protecci\u00f3 de Dades (CEPD), l\u2019RGPD-UE-2016\/679 \u2013articles 5, 6, 7 i 13-, i l\u2019LOPDGDD-3\/2018 -article 6-, s\u2019han d\u2019interpretar en el sentit de qu\u00e8 el consentiment nom\u00e9s \u00e9s v\u00e0lid si \u00e9s expl\u00edcit.<\/p><p><span style=\"text-decoration: underline;\"><b>CONSENTIMENT DE L\u2019INTERESSAT<\/b><\/span><b>:<\/b> per poder dur a terme el tractament de les seves dades personals amb privacitat i seguretat, \u00e9s necessari comptar amb el seu consentiment, en compliment de l\u2019RGPD-UE-2016\/679, articles 5, 6, 7 i 13, i de l\u2019LOPDGDD-3\/2018, al seu T\u00edtol II. Amb l\u2019acceptaci\u00f3 mitjan\u00e7ant un \u201c<b>Check o Bot\u00f3<\/b>\u201d amb la paraula\u00a0 <b>accepto<\/b> l\u2019usuari d\u2019aquest web\/App d\u00f3na el seu <b>consentiment expl\u00edcit<\/b> per al tractament de les seves dades i informaci\u00f3 aportada a trav\u00e9s de les cookies al seu dispositiu.<\/p><p>Amb un \u201cCheck o Bot\u00f3\u201d de \u00a0<b>r<\/b><b>ebutjar<\/b><b>\u00a0 <\/b>per part de l\u2019usuari, es rebutgen totes les cookies llevat d\u2019aquelles que estan exemptes de l\u2019obligaci\u00f3 d\u2019obtenir un consentiment, com les cookies pr\u00f2pies o les de sessi\u00f3.<\/p><p>Un \u201cCheck o Bot\u00f3\u201d de\u00a0 <b>m\u00e9s <\/b><b>informaci\u00f3<\/b>, que permetr\u00e0 la consulta d\u2019aquesta Pol\u00edtica de Cookies.<\/p><p><span style=\"text-decoration: underline;\"><b>Consentiment del menor<\/b><\/span><b>:<\/b> L\u2019RGPD-UE-2016\/679, a l\u2019article 8, exposa condicions aplicables al consentiment del menor en relaci\u00f3 als serveis de la societat de la informaci\u00f3.<\/p><ol><li>Quan s\u2019apliqui l\u2019article 6.1.a, en relaci\u00f3 a l\u2019oferta directa de serveis de la societat de la informaci\u00f3 a menors, el tractament de les seves dades personals es considerar\u00e0 l\u00edcit quan hagi fet, com a m\u00ednim, 16 anys. Si el menor no arriba als 16 anys, aquest tractament \u00fanicament es considerar\u00e0 l\u00edcit si el consentiment el d\u00f3na o l\u2019autoritza el titular de la p\u00e0tria potestat o tutela del menor, i nom\u00e9s en la mesura amb qu\u00e8 el don\u00e9s o l\u2019autoritz\u00e9s.<\/li><li>El responsable del tractament far\u00e0 esfor\u00e7os raonables per a verificar en aquests casos que el consentiment l\u2019ha donat o autoritzat el titular de la p\u00e0tria potestat o tutela del menor, tenint en compte la tecnologia disponible.<\/li><\/ol><p><span style=\"text-decoration: underline;\"><b>QU\u00c8 S\u00d3N LES COOKIES?<\/b><\/span><\/p><p>Les cookies s\u00f3n petits arxius de dades que es reben en el terminal des del lloc web\/APP visitat i s'usen per registrar certes interaccions de la navegaci\u00f3 en un lloc web\/APP emmagatzemant dades que podran ser actualitzades i recuperades. Aquests arxius s\u2019emmagatzemen al dispositiu de l\u2019usuari i contenen dades an\u00f2nimes que no s\u00f3n perjudicials per al seu equip. S\u2019utilitzen per recordar les prefer\u00e8ncies de l\u2019usuari, com l\u2019idioma escollit, dades d\u2019acc\u00e9s o personalitzaci\u00f3 de la p\u00e0gina web o APP.<\/p><p>Les cookies o dispositius d\u2019emmagatzematge han estat tradicionalment associats a les p\u00e0gines web. Tanmateix, actualment s\u2019utilitzen tant a les p\u00e0gines web com en altres tipus de plataformes i aplicacions (per exemple, les APPs per a tel\u00e8fons intel\u00b7ligents i tablets).<\/p><p>Les cookies tamb\u00e9 es poden fer servir per enregistrar informaci\u00f3 an\u00f2nima sobre com un visitant utilitza un espai. Per exemple, des de quina p\u00e0gina web\/APP ha accedit, o si ha utilitzat un \"banner\" publicitari per arribar-hi.<\/p><p>Els serveis de la societat de la informaci\u00f3 els pot prestar l\u2019editor a trav\u00e9s d\u2019una plataforma, aplicaci\u00f3 inform\u00e0tica o un lloc web\/APP al qual hi accedeix un usuari des del seu terminal.<\/p><p><span style=\"text-decoration: underline;\"><b>1. PER QU\u00c8 FEM SERVIR LES COOKIES?<\/b><\/span><\/p><p>Utilitzem cookies pr\u00f2pies i de tercers per analitzar l\u2019\u00fas del lloc web i mostrar publicitat amb les prefer\u00e8ncies sobre la base d\u2019un perfil elaborat a partir dels h\u00e0bits de navegaci\u00f3 de l\u2019usuari.<\/p><p><b>RESIDENCIA D\u2019AVIS SOL I NATURA SL, <\/b>utilitza cookies T\u00e8cniques i Anal\u00edtiques perqu\u00e8 utilitzi el nostre lloc web i li permetin utilitzar \u00e0rees segures, opcions personalitzades, etc. A m\u00e9s, <b>RESIDENCIA D\u2019AVIS SOL I NATURA SL, <\/b>utilitza cookies que recullen dades relatives a l'an\u00e0lisi d'\u00fas del web. Aquestes s'utilitzen per ajudar a millorar el servei a l\u2019usuari, mesurant l'\u00fas i el rendiment de la p\u00e0gina, per optimitzar-la i personalitzar-la.<\/p><ul><li><b> Cookie de Google,<\/b> ANALYTICS: Google ANALYTICS \u00e9s un servei gratu\u00eft que ofereix Google Inc. que recull informaci\u00f3 sobre les p\u00e0gines del web consultat, a quina hora, quin navegador Web, etc. Posteriorment, aquesta informaci\u00f3 s\u2019envia als servidors de Google Inc.<\/li><\/ul><p><span style=\"text-decoration: underline;\"><b>2. QUIN \u00daS LI DONEM ALS DIFERENTS TIPUS DE COOKIES?<\/b><\/span><\/p><p><b>Segons la seva finalitat:<\/b><\/p><ul><li><b> Cookies t\u00e8cniques: <\/b>s\u00f3n aquelles que li permeten a l\u2019usuari la navegaci\u00f3 a trav\u00e9s d\u2019una p\u00e0gina web, plataforma o aplicaci\u00f3n i l\u2019\u00fas de les diferents opcions o serveis. Per exemple, les que serveixen per al manteniment de la sessi\u00f3, la gesti\u00f3 del temps de resposta, rendiment o validaci\u00f3 d\u2019opcions, utilitzar elements de seguretat i compartir continguts.<\/li><li><b> Cookies de prefer\u00e8ncies o personalitzaci\u00f3: <\/b>S\u00f3n les que permeten recordar informaci\u00f3 per a qu\u00e8 l\u2019usuari accedeixi al servei amb determinades caracter\u00edstiques que puguin diferenciar la seva experi\u00e8ncia de la de d\u2019altres usuaris. En s\u00f3n exemples l\u2019idioma, el n\u00famero de resultats a mostrar quan es fa una cerca, l\u2019aspecte o contingut del servei en funci\u00f3 del tipus de navegador a trav\u00e9s del qual l\u2019usuari accedeix o de la regi\u00f3 des de la que ho fa, etc.<\/li><li><b> Cookies d\u2019an\u00e0lisi o mesurament (analytics): <\/b>S\u00f3n les que permeten al responsable d\u2019aquestes cookies fer el seguiment i an\u00e0lisi del comportament dels usuaris dels llocs web o APP als que estan vinculats, incloent-hi la quantificaci\u00f3 dels impactes dels anuncis. La informaci\u00f3 recollida mitjan\u00e7ant aquest tipus de cookies es fa servir per al mesurament de l\u2019activitat dels llocs web, aplicaci\u00f3 o plataforma, amb l\u2019objectiu d\u2019introduir-hi millores en funci\u00f3 de l\u2019an\u00e0lisi de les dades de l\u2019\u00fas que en fan els usuaris del servei.<\/li><li><b> Cookies publicit\u00e0ries\/de publicitat:<\/b> S\u00f3n les que, tractades per l\u2019administrador del web (o APP) o per tercers, permeten analitzar els h\u00e0bits de navegaci\u00f3 a Internet per a poder mostrar publicitat relacionada amb el perfil de navegaci\u00f3 de l\u2019usuari. Les cookies publicit\u00e0ries permeten la gesti\u00f3 dels espais publicitaris en base a criteris concrets.<br \/>Emmagatzemen informaci\u00f3 sobre el comportament dels usuaris, que s\u2019obt\u00e9 mitjan\u00e7ant l\u2019observaci\u00f3 continuada dels seus h\u00e0bits de navegaci\u00f3, fet que permet desenvolupar un perfil espec\u00edfic pera mostrar publicitat en funci\u00f3 del mateix.<\/li><\/ul><p><b>Tipus de cookies segons el termini durant el qual romandran actives:<\/b><\/p><ul><li><b>Cookies de sessi\u00f3: <\/b>S\u00f3n aquelles dissenyades per a obtenir i emmagatzemar dades mentre l\u2019usuari accedeix a una p\u00e0gina web\/APP. S\u2019acostumen a utilitzar per emmagatzemar informaci\u00f3 que nom\u00e9s interessa conservar per a la prestaci\u00f3 del servei sol\u00b7licitat per l\u2019usuari en una sola ocasi\u00f3 (per exemple, una llista de productes adquirits) i desapareixen en acabar la sessi\u00f3.<\/li><li><b> Cookies persistents: <\/b>S\u00f3n aquelles les dades de les quals segueixen emmagatzemades al terminal i poden ser accedides i tractades durant un per\u00edode definit pel responsable de la cookies, que pot anar des d\u2019uns minuts a alguns anys. Sobre aquest fet cal valorar si \u00e9s necessari l\u2019\u00fas de cookies persistents, ja que els riscos per a la privacitat es poden reduir amb l\u2019\u00fas de cookies de sessi\u00f3. En qualsevol cas, quan s\u2019instal\u00b7len cookies persistents, es recomana reduir al m\u00ednim necessari la seva durada temporal atenent a la finalitat del seu \u00fas.<\/li><\/ul><p>Les obligacions legals imposades per la normativa s\u00f3n dues: l\u2019obligaci\u00f3 de transpar\u00e8ncia i l\u2019obligaci\u00f3 de l\u2019obtenci\u00f3 del consentiment expl\u00edcit de l\u2019usuari del lloc Web\/APP.<\/p><p>D\u2019acord amb la naturalesa de la seva activitat empresarial, el model de negoci que desenvolupen i l\u2019abast de la seva responsabilitat, es recomana dur a terme una revisi\u00f3 de les cookies que s\u2019utilitzen, ja sigui de forma interna o mitjan\u00e7ant l\u2019assessorament d\u2019entitats especialitzades.<\/p><p>Aquesta revisi\u00f3 tindr\u00e0 com a objectiu identificar les cookies que s\u2019estan utilitzant, analitzant si es tracta de cookies pr\u00f2pies o de tercers, de sessi\u00f3 o persistents, i concretant-ne la seva  funci\u00f3 per decidir si s\u2019emmarquen o no en l\u2019\u00e0mbit d\u2019aplicaci\u00f3 de l\u2019article 22.2 de l\u2019LSSI. Tenint en compte els possibles canvis que es poden produir en la gesti\u00f3 i \u00fas de les cookies, es recomanable dur a terme aquesta revisi\u00f3 de manera peri\u00f2dica per actualitzar la informaci\u00f3 disponible sobre aquestes cookies. En qualsevol cas, cal tenir en compte la conveni\u00e8ncia de qu\u00e8 les solucions que s\u2019implementin per a satisfer les obligacions de l\u2019art. 22.2 de l\u2019LSSI siguin tecnol\u00f2gicament neutrals, \u00e9s a dir, que es tracti de solucions que la majoria de navegadors reconeguin.<\/p><p><b><span style=\"text-decoration: underline;\">3. ENLLA\u00c7 PER A LA IDENTIFICACI\u00d3 DE LES COOKIES<\/span>:<\/b><\/p><p>\u00c9s aconsellable que la informaci\u00f3 exposada a trav\u00e9s de la qual es gestionen les cookies (incloent com revocar el consentiment i eliminar las cookies) estigui permanentment accessible a trav\u00e9s de la p\u00e0gina web, aplicaci\u00f3 o servei en l\u00ednia que es tracti. A aquest efecte, sense perjudici d\u2019altres solucions que es puguin adoptar, es considerar\u00e0 que es compleix aquest requisit quan el sistema de gesti\u00f3 de les cookies (panell de configuraci\u00f3 o un CMP, que permet als propietaris dels llocs web o APP obtenir, gestionar i difondre el consentiment dels consumidors) estigui integrat a la mateixa pol\u00edtica de cookies o quan s\u2019inclogui en aquesta un enlla\u00e7 que porti directament al sistema de gesti\u00f3 o panell de configuraci\u00f3.<\/p><p><b><i>Guia de l\u2019AEPD, 3.2.10. Possibilitat de denegaci\u00f3 d\u2019acc\u00e9s al servei en cas de rebuig de les cookies:<\/i><\/b><\/p><p>Podran existir determinats sup\u00f2sits en els quals la no acceptaci\u00f3 de l\u2019\u00fas de cookies impedeixi l\u2019acc\u00e9s al lloc web o la utilitzaci\u00f3 total o parcial del servei, sempre que s\u2019informi adequadament l\u2019usuari en relaci\u00f3 a aquest fet i s\u2019ofereixi una alternativa, <b>no necess\u00e0riament gratu\u00efta<\/b>, d\u2019acc\u00e9s al servei sense necessitat d\u2019acceptar l\u2019\u00fas de cookies.<\/p><p>Aquestes cookies han de complir amb l\u2019RGPD-UE-2016\/679, l\u2019LOPDGDD-3\/2018, la normativa de l\u2019LSSI-CE-34\/2002, amb la darrera modificaci\u00f3 de 09\/05\/2023, i la GUIA sobre l\u2019\u00fas de les cookies de juliol de 2023, de l\u2019AEPD amb els criteris de la CEPD.<\/p><p><span style=\"text-decoration: underline;\"><b>COOKIES PR\u00d2PIES EN \u00daS<\/b><\/span><b>:<\/b><\/p><p><b>Algunes de les cookies en \u00fas<\/b>:<\/p><table><tbody><tr><td><b>DOMINI<\/b><\/td><td><b>COOKIE<\/b><\/td><td><b>TITULAR<\/b><\/td><td><b>FUNCI\u00d3<\/b><\/td><td><b>CADUCITAT<\/b><\/td><\/tr><tr><td><b>residenciasolinatura.com<\/b><\/td><td>cmplz_banner-status<\/td><td>Pr\u00f2pia<\/td><td>Funcional. Emmagatzema si el banner de les cookies ha estat descartat<\/td><td>Persistent<\/td><\/tr><tr><td>\u00a0<\/td><td>cmplz_consented_services<\/td><td>Pr\u00f2pia<\/td><td>Funcional. Emmagatzema les prefer\u00e8ncies del consentiment de cookies<\/td><td>Persistent<\/td><\/tr><tr><td>\u00a0<\/td><td>cmplz_functional<\/td><td>Pr\u00f2pia<\/td><td>Funcional. Emmagatzema les prefer\u00e8ncies del consentiment de cookies<\/td><td>Persistent<\/td><\/tr><tr><td>\u00a0<\/td><td>cmplz_marketing<\/td><td>Pr\u00f2pia<\/td><td>Funcional. Emmagatzema les prefer\u00e8ncies del consentiment de cookies<\/td><td>Persistent<\/td><\/tr><tr><td>\u00a0<\/td><td>cmplz_preferences<\/td><td>Pr\u00f2pia<\/td><td>Funcional. Emmagatzema les prefer\u00e8ncies del consentiment de cookies<\/td><td>Persistent<\/td><\/tr><tr><td>\u00a0<\/td><td>cmplz_statistics<\/td><td>Pr\u00f2pia<\/td><td>Funcional. Emmagatzema les prefer\u00e8ncies del consentiment de cookies<\/td><td>Persistent<\/td><\/tr><tr><td>\u00a0<\/td><td>cmplz_policy_id<\/td><td>Pr\u00f2pia<\/td><td>Funcional. Emmagatzema les prefer\u00e8ncies del consentiment de cookies<\/td><td>Persistent<\/td><\/tr><tr><td>\u00a0<\/td><td>_ga<\/td><td>Google Analytics<\/td><td>Estad\u00edstica. Emmagatzema i compta p\u00e0gines visionades<\/td><td>Persistent<\/td><\/tr><tr><td>\u00a0<\/td><td>_ga_*<\/td><td>Google Analytics<\/td><td>Estad\u00edstica. Emmagatzema i compta p\u00e0gines visionades<\/td><td>Persistent<\/td><\/tr><tr><td>\u00a0<\/td><td>_gat_gtag_UA_*<\/td><td>Google Analytics<\/td><td>Estad\u00edstica. Emmagatzema un ID d\u2019usuari \u00fanic.<\/td><td>1 minuto<\/td><\/tr><tr><td>\u00a0<\/td><td>_gid<\/td><td>Google Analytics<\/td><td>Estad\u00edstica. Emmagatzema i compta p\u00e0gines visionades<\/td><td>Persistent<\/td><\/tr><\/tbody><\/table><p><b><span style=\"text-decoration: underline;\">COOKIES EXTERNES EN \u00daS<\/span>:<\/b><\/p><p><b>Algunes de les cookies en \u00fas<\/b>:<\/p><table><tbody><tr><td><b>DOMINI<\/b><\/td><td><b>COOKIE<\/b><\/td><td><b>TITULAR<\/b><\/td><td><b>FUNCI\u00d3<\/b><\/td><td><b>CADUCITAT<\/b><\/td><\/tr><tr><td><b>region1.google-analytics.com<\/b><\/td><td>ar_debug<\/td><td>Google DoubleClick<\/td><td>Cookie utilitzada per emmagatzemar i seguir conversions<\/td><td>Persistent<\/td><\/tr><\/tbody><\/table><p>Si decideix modificar la configuraci\u00f3 del seu acc\u00e9s a la p\u00e0gina web, ha de saber que \u00e9s possible eliminar les cookies o impedir que aquesta informaci\u00f3 s\u2019enregistri al seu equip en qualsevol moment, mitjan\u00e7ant la modificaci\u00f3 dels par\u00e0metres de configuraci\u00f3 del seu navegador:<\/p><ul><li aria-level=\"1\"><a href=\"https:\/\/support.mozilla.org\/es\/kb\/habilitar-y-deshabilitar-cookies-sitios-web-rastrear-preferencias\" target=\"_blank\" rel=\"noopener\">Configuraci\u00f3 de cookies de Firefox.<\/a><\/li><li aria-level=\"1\"><a href=\"https:\/\/support.google.com\/chrome\/answer\/95647?co=GENIE.Platform%3DDesktop&amp;hl=es-419\" target=\"_blank\" rel=\"noopener\">Configuraci\u00f3 de cookies de Google Chrome.<\/a><\/li><li aria-level=\"1\"><a href=\"https:\/\/support.apple.com\/es-es\/guide\/safari\/sfri11471\/mac\" target=\"_blank\" rel=\"noopener\">Configuraci\u00f3 de cookies de Safari.<\/a><\/li><\/ul><p>Aquests navegadors estan sotmesos a canvis o modificacions, pel que no podem garantir que s\u2019ajustin completament a la versi\u00f3 del seu navegador. Per a evitar aquests desajustaments, pot accedir directament des de les opcions del seu navegador, que es troba generalment al men\u00fa d\u2019\u201dOpcions\u201d, a la secci\u00f3 de \"Privacitat\" (Consulti l\u2019ajuda del seu navegador per a m\u00e9s informaci\u00f3).<\/p><p><span style=\"text-decoration: underline;\"><b>1. A ON PUC OBTENIR M\u00c9S INFORMACI\u00d3?<\/b><\/span><\/p><p>Pot trobar m\u00e9s informaci\u00f3 sobre cookies a: <a href=\"about:blank\">www.allaboutcookies.org<\/a> o <a href=\"about:blank\">www.youronlinechoices.eu.<\/a><\/p><p><i>Aquestes cl\u00e0usules han estat elaborades per <\/i><a href=\"http:\/\/www.grupoqualia.net\/es\/inicio\" target=\"_blank\" rel=\"noopener\"><b><i>GRUP QUALIA<\/i><\/b><\/a><i>, motiu pel qual se li atorga un certificat en format d\u2019imatge digital perqu\u00e8 el pugui exposar al seu lloc web.<\/i><\/p><p><b>Actualitzaci\u00f3: 28\/11\/2024.<\/b><\/p>\t\t\t\t\t\t\t\t<\/div>\n\t\t\t\t<\/div>\n\t\t\t\t<div class=\"elementor-element elementor-element-7e07db8 elementor-widget elementor-widget-image\" data-id=\"7e07db8\" data-element_type=\"widget\" data-widget_type=\"image.default\">\n\t\t\t\t<div class=\"elementor-widget-container\">\n\t\t\t\t\t\t\t\t\t\t\t\t\t\t\t<img decoding=\"async\" width=\"128\" height=\"128\" src=\"https:\/\/residenciasolinatura.com\/wp-content\/uploads\/2025\/04\/12-sello_lssi.png\" class=\"attachment-large size-large wp-image-1038\" alt=\"\" srcset=\"https:\/\/residenciasolinatura.com\/wp-content\/uploads\/2025\/04\/12-sello_lssi.png 128w, https:\/\/residenciasolinatura.com\/wp-content\/uploads\/2025\/04\/12-sello_lssi-12x12.png 12w\" sizes=\"(max-width: 128px) 100vw, 128px\">\t\t\t\t\t\t\t\t\t\t\t\t\t\t\t<\/div>\n\t\t\t\t<\/div>\n\t\t\t\t<div class=\"elementor-element elementor-element-8c13872 elementor-widget elementor-widget-spacer\" data-id=\"8c13872\" data-element_type=\"widget\" data-widget_type=\"spacer.default\">\n\t\t\t\t<div class=\"elementor-widget-container\">\n\t\t\t\t\t\t\t<div class=\"elementor-spacer\">\n\t\t\t<div class=\"elementor-spacer-inner\"><\/div>\n\t\t<\/div>\n\t\t\t\t\t\t<\/div>\n\t\t\t\t<\/div>\n\t\t\t\t\t<\/div>\n\t\t\t\t<\/div>\n\t\t\t\t<\/div>","protected":false},"excerpt":{"rendered":"<p>Pol\u00edtica de Cookies \u00bfPOR QU\u00c9 NECESITAMOS SU CONSENTIMIENTO EXPL\u00cdCITO PARA UTILIZARLAS LAS COOKIES? La Gu\u00eda de la AEPD de julio de 2023, con la aportaci\u00f3n de informaci\u00f3n y criterios del Comit\u00e9 Europeo en Protecci\u00f3n de Datos (CEPD), el RGPD-UE-2016\/679, art\u00edculos.5, 6, 7 y 13,\u00a0 y la LOPDGDD-3\/2018,\u00a0 art\u00edculo, 6, debe interpretarse en el sentido de [&hellip;]<\/p>","protected":false},"author":1,"featured_media":0,"parent":0,"menu_order":0,"comment_status":"closed","ping_status":"closed","template":"","meta":{"footnotes":""},"class_list":["post-1006","page","type-page","status-publish","hentry"],"_links":{"self":[{"href":"https:\/\/residenciasolinatura.com\/ca\/wp-json\/wp\/v2\/pages\/1006","targetHints":{"allow":["GET"]}}],"collection":[{"href":"https:\/\/residenciasolinatura.com\/ca\/wp-json\/wp\/v2\/pages"}],"about":[{"href":"https:\/\/residenciasolinatura.com\/ca\/wp-json\/wp\/v2\/types\/page"}],"author":[{"embeddable":true,"href":"https:\/\/residenciasolinatura.com\/ca\/wp-json\/wp\/v2\/users\/1"}],"replies":[{"embeddable":true,"href":"https:\/\/residenciasolinatura.com\/ca\/wp-json\/wp\/v2\/comments?post=1006"}],"version-history":[{"count":31,"href":"https:\/\/residenciasolinatura.com\/ca\/wp-json\/wp\/v2\/pages\/1006\/revisions"}],"predecessor-version":[{"id":2002,"href":"https:\/\/residenciasolinatura.com\/ca\/wp-json\/wp\/v2\/pages\/1006\/revisions\/2002"}],"wp:attachment":[{"href":"https:\/\/residenciasolinatura.com\/ca\/wp-json\/wp\/v2\/media?parent=1006"}],"curies":[{"name":"wp","href":"https:\/\/api.w.org\/{rel}","templated":true}]}}